{"id":191,"date":"2017-03-14T03:00:15","date_gmt":"2017-03-14T03:00:15","guid":{"rendered":"https:\/\/2017.managua.wordcamp.org\/?page_id=191"},"modified":"2017-04-02T20:02:12","modified_gmt":"2017-04-03T02:02:12","slug":"wordcamp-managua-2017","status":"publish","type":"page","link":"https:\/\/managua.wordcamp.org\/2017\/acerca\/wordcamp-managua-2017\/","title":{"rendered":"WordCamp Managua 2017"},"content":{"rendered":"<p>Los WordCamp son conferencias organizadas localmente para difundir, promover e informarse sobre todo lo relacionado con WordPress, el manejador de contenidos libre y de c\u00f3digo abierto que es utilizado por m\u00e1s 25 millones de sitios alrededor del mundo.<\/p>\n<p>Los asistentes a un WordCamp tienen diversas habilidades y conocimientos; desde usuarios principiantes y blogueros, hasta consultores profesionales y desarrolladores de WordPress. De la misma forma, las sesiones que se desarrollan durante un WordCamp van desde temas b\u00e1sicos sobre el uso y manejo de WordPress, hasta temas avanzados sobre desarrollo.<\/p>\n<p>Desde el 2006 se han realizado m\u00e1s de 680 WordCamps en 65\u00a0pa\u00edses. En mayo 2017, se llevar\u00e1 la tercera edici\u00f3n del WordCamp Nicaragua en Managua.<\/p>\n<p>Para mayor informaci\u00f3n, visita <a href=\"http:\/\/central.wordcamp.org\/\" target=\"_blank\">WordCamp Central<\/a> (sitio en ingl\u00e9s).<\/p>\n","protected":false},"excerpt":{"rendered":"<p>Los WordCamp son conferencias organizadas localmente para difundir, promover e informarse sobre todo lo relacionado con WordPress, el manejador de contenidos libre y de c\u00f3digo abierto que es utilizado por m\u00e1s 25 millones de sitios alrededor del mundo. Los asistentes &hellip; <a href=\"https:\/\/managua.wordcamp.org\/2017\/acerca\/wordcamp-managua-2017\/\">Sigue leyendo <span class=\"assistive-text\">WordCamp Managua 2017<\/span>  <span class=\"meta-nav\">&rarr;<\/span><\/a><\/p>\n","protected":false},"author":14846161,"featured_media":0,"parent":189,"menu_order":1,"comment_status":"closed","ping_status":"closed","template":"","meta":{"jetpack_post_was_ever_published":false,"footnotes":""},"class_list":["post-191","page","type-page","status-publish","hentry"],"jetpack_sharing_enabled":true,"jetpack_shortlink":"https:\/\/wp.me\/P82FCA-35","_links":{"self":[{"href":"https:\/\/managua.wordcamp.org\/2017\/wp-json\/wp\/v2\/pages\/191","targetHints":{"allow":["GET"]}}],"collection":[{"href":"https:\/\/managua.wordcamp.org\/2017\/wp-json\/wp\/v2\/pages"}],"about":[{"href":"https:\/\/managua.wordcamp.org\/2017\/wp-json\/wp\/v2\/types\/page"}],"author":[{"embeddable":true,"href":"https:\/\/managua.wordcamp.org\/2017\/wp-json\/wp\/v2\/users\/14846161"}],"replies":[{"embeddable":true,"href":"https:\/\/managua.wordcamp.org\/2017\/wp-json\/wp\/v2\/comments?post=191"}],"version-history":[{"count":3,"href":"https:\/\/managua.wordcamp.org\/2017\/wp-json\/wp\/v2\/pages\/191\/revisions"}],"predecessor-version":[{"id":318,"href":"https:\/\/managua.wordcamp.org\/2017\/wp-json\/wp\/v2\/pages\/191\/revisions\/318"}],"up":[{"embeddable":true,"href":"https:\/\/managua.wordcamp.org\/2017\/wp-json\/wp\/v2\/pages\/189"}],"wp:attachment":[{"href":"https:\/\/managua.wordcamp.org\/2017\/wp-json\/wp\/v2\/media?parent=191"}],"curies":[{"name":"wp","href":"https:\/\/api.w.org\/{rel}","templated":true}]}}