{"id":198,"date":"2017-03-14T03:01:55","date_gmt":"2017-03-14T03:01:55","guid":{"rendered":"https:\/\/2017.managua.wordcamp.org\/?page_id=198"},"modified":"2017-04-20T13:19:04","modified_gmt":"2017-04-20T19:19:04","slug":"organizadores","status":"publish","type":"page","link":"https:\/\/managua.wordcamp.org\/2017\/acerca\/organizadores\/","title":{"rendered":"Organizadores"},"content":{"rendered":"\t<div class=\"wcorg-organizers\">\n\n\t\t\n\t\t\t<div class=\"wcorg-organizer\">\n\t\t\t\t<h2>Virginia Silva<\/h2>\n\t\t\t\t<div class=\"wcorg-organizer-description\">\n\t\t\t\t\t\t\t\t\t\t<img alt='' src='https:\/\/secure.gravatar.com\/avatar\/1699329f9413a51ece6f7cb67106b42536d82fd2e6059c07512596a55031ed6a?s=100&#038;d=mm&#038;r=g' srcset='https:\/\/secure.gravatar.com\/avatar\/1699329f9413a51ece6f7cb67106b42536d82fd2e6059c07512596a55031ed6a?s=200&#038;d=mm&#038;r=g 2x' class='avatar avatar-100 photo' height='100' width='100' \/>\t\t\t\t\t<p>Comunicadora Social de profesi\u00f3n. Se ha dedicado y especializado en el \u00e1rea de marketing digital, un mundo que por alguna raz\u00f3n encuentra m\u00e1gico y le apasiona. Se declara oficialmente adicta al caf\u00e9, al queso y a los bailes latinos.<\/p>\n\t\t\t\t<\/div>\n\t\t\t<\/div>\n\n\t\t\n\t\t\t<div class=\"wcorg-organizer\">\n\t\t\t\t<h2>Carlos Roberto Fonseca<\/h2>\n\t\t\t\t<div class=\"wcorg-organizer-description\">\n\t\t\t\t\t\t\t\t\t\t<img alt='' src='https:\/\/secure.gravatar.com\/avatar\/?s=100&#038;d=mm&#038;r=g' srcset='https:\/\/secure.gravatar.com\/avatar\/?s=200&#038;d=mm&#038;r=g 2x' class='avatar avatar-100 photo avatar-default' height='100' width='100' \/>\t\t\t\t\t\t\t\t\t<\/div>\n\t\t\t<\/div>\n\n\t\t\n\t\t\t<div class=\"wcorg-organizer\">\n\t\t\t\t<h2>Mario Rocha<\/h2>\n\t\t\t\t<div class=\"wcorg-organizer-description\">\n\t\t\t\t\t\t\t\t\t\t<img alt='' src='https:\/\/secure.gravatar.com\/avatar\/?s=100&#038;d=mm&#038;r=g' srcset='https:\/\/secure.gravatar.com\/avatar\/?s=200&#038;d=mm&#038;r=g 2x' class='avatar avatar-100 photo avatar-default' height='100' width='100' \/>\t\t\t\t\t\t\t\t\t<\/div>\n\t\t\t<\/div>\n\n\t\t\n\t\t\t<div class=\"wcorg-organizer\">\n\t\t\t\t<h2>Elie Herrera<\/h2>\n\t\t\t\t<div class=\"wcorg-organizer-description\">\n\t\t\t\t\t\t\t\t\t\t<img alt='' src='https:\/\/secure.gravatar.com\/avatar\/13abce08c0dd9ea65e15c11715bda614c96b5c5d1b4c075e55387445c88f1914?s=100&#038;d=mm&#038;r=g' srcset='https:\/\/secure.gravatar.com\/avatar\/13abce08c0dd9ea65e15c11715bda614c96b5c5d1b4c075e55387445c88f1914?s=200&#038;d=mm&#038;r=g 2x' class='avatar avatar-100 photo' height='100' width='100' \/>\t\t\t\t\t<p>Dise\u00f1ador UI\/UX y Desarrollador Front-end. Ha trabajado independientemente y en agencias locales en una amplia variedad de proyectos para clientes locales y globales desde hace 10 a\u00f1os. Actualmente trabaja freelance desarrollando websites en WordPress como CMS.<\/p>\n\t\t\t\t<\/div>\n\t\t\t<\/div>\n\n\t\t\n\t\t\t<div class=\"wcorg-organizer\">\n\t\t\t\t<h2>Lila Gutierrez<\/h2>\n\t\t\t\t<div class=\"wcorg-organizer-description\">\n\t\t\t\t\t\t\t\t\t\t<img alt='' src='https:\/\/secure.gravatar.com\/avatar\/11ed205713ce9a464cba800853daba0319eb70c49241bc8cc18105dc4238e34f?s=100&#038;d=mm&#038;r=g' srcset='https:\/\/secure.gravatar.com\/avatar\/11ed205713ce9a464cba800853daba0319eb70c49241bc8cc18105dc4238e34f?s=200&#038;d=mm&#038;r=g 2x' class='avatar avatar-100 photo' height='100' width='100' \/>\t\t\t\t\t\t\t\t\t<\/div>\n\t\t\t<\/div>\n\n\t\t\n\t\t\t<div class=\"wcorg-organizer\">\n\t\t\t\t<h2>Daniela Monroy<\/h2>\n\t\t\t\t<div class=\"wcorg-organizer-description\">\n\t\t\t\t\t\t\t\t\t\t<img alt='' src='https:\/\/secure.gravatar.com\/avatar\/edf7e76aea4b56d7d7a7f7ce6a42aaa2d0b102ce045569c70875cca9c2194293?s=100&#038;d=mm&#038;r=g' srcset='https:\/\/secure.gravatar.com\/avatar\/edf7e76aea4b56d7d7a7f7ce6a42aaa2d0b102ce045569c70875cca9c2194293?s=200&#038;d=mm&#038;r=g 2x' class='avatar avatar-100 photo' height='100' width='100' \/>\t\t\t\t\t<p>Procastinadora Recurrente, comunicadora de tiempo completo y gestora de contenido, preocupada por entregar visibilidad y cautivar a nuevos usuarios. Actualmente en una relaci\u00f3n abierta con el SEO y Analytics.<\/p>\n\t\t\t\t<\/div>\n\t\t\t<\/div>\n\n\t\t\n\t\t\t<div class=\"wcorg-organizer\">\n\t\t\t\t<h2>Vanessa Martinez<\/h2>\n\t\t\t\t<div class=\"wcorg-organizer-description\">\n\t\t\t\t\t\t\t\t\t\t<img alt='' src='https:\/\/secure.gravatar.com\/avatar\/55df6924c102892d9dadbf2c8d7ffd6892215cd63dc0c1d03eed423df3de9f04?s=100&#038;d=mm&#038;r=g' srcset='https:\/\/secure.gravatar.com\/avatar\/55df6924c102892d9dadbf2c8d7ffd6892215cd63dc0c1d03eed423df3de9f04?s=200&#038;d=mm&#038;r=g 2x' class='avatar avatar-100 photo' height='100' width='100' \/>\t\t\t\t\t<p>Comunicadora Social y amante del mundo digital, disfruto de buscar formas creativas para atraer a los usuarios a su negocio en la web y lograr posicionamiento org\u00e1nico a trav\u00e9s de contenido de calidad. Adicta al orden, el caf\u00e9 y los conciertos de rock. Por cierto, odio las cervezas light.<br \/>\ntwitter:\u00a0<a href=\"https:\/\/twitter.com\/Martinez_008\">Martinez_008<\/a><\/p>\n\t\t\t\t<\/div>\n\t\t\t<\/div>\n\n\t\t\n\t\t\t<div class=\"wcorg-organizer\">\n\t\t\t\t<h2>Salvador Aguilar<\/h2>\n\t\t\t\t<div class=\"wcorg-organizer-description\">\n\t\t\t\t\t\t\t\t\t\t<img alt='' src='https:\/\/secure.gravatar.com\/avatar\/cc080e8d38e0a3e4e471e4a663f426167c9521da9b0c6cec9b3da7a52440edc0?s=100&#038;d=mm&#038;r=g' srcset='https:\/\/secure.gravatar.com\/avatar\/cc080e8d38e0a3e4e471e4a663f426167c9521da9b0c6cec9b3da7a52440edc0?s=200&#038;d=mm&#038;r=g 2x' class='avatar avatar-100 photo' height='100' width='100' \/>\t\t\t\t\t<p>Salvador Aguilar es un analista de seguridad en <a href=\"https:\/\/www.sucuri.net\" rel=\"nofollow\">Sucuri.net<\/a> y un entusiasta de WordPress. A Salvador le gusta fijar sitios web y educar a los desarrolladores y propietarios sobre las mejores pr\u00e1cticas de seguridad. Cuando no est\u00e1 luchando contra el malware, le encanta pasar tiempo con su familia en la soleada Nicaragua y colaborar con otros desarrolladores en Am\u00e9rica Latina para promover la conciencia de la seguridad de sitios web. S\u00edgalo en Twitter <a href=\"https:\/\/twitter.com\/riper81\">@riper81<\/a><\/p>\n\t\t\t\t<\/div>\n\t\t\t<\/div>\n\n\t\t\n\t\t\t<div class=\"wcorg-organizer\">\n\t\t\t\t<h2>Leandro Gomez<\/h2>\n\t\t\t\t<div class=\"wcorg-organizer-description\">\n\t\t\t\t\t\t\t\t\t\t<img alt='' src='https:\/\/secure.gravatar.com\/avatar\/585eb3956895948b4d137243149c4cb27289b1bb0936791797572d0d6114d3bb?s=100&#038;d=mm&#038;r=g' srcset='https:\/\/secure.gravatar.com\/avatar\/585eb3956895948b4d137243149c4cb27289b1bb0936791797572d0d6114d3bb?s=200&#038;d=mm&#038;r=g 2x' class='avatar avatar-100 photo' height='100' width='100' \/>\t\t\t\t\t\t\t\t\t<\/div>\n\t\t\t<\/div>\n\n\t\t\n\t\t\t<div class=\"wcorg-organizer\">\n\t\t\t\t<h2>Daniel Gordon<\/h2>\n\t\t\t\t<div class=\"wcorg-organizer-description\">\n\t\t\t\t\t\t\t\t\t\t<img alt='' src='https:\/\/secure.gravatar.com\/avatar\/74369ec56d764855b839103604f39369d75a5cccab0dc58dac534f77de46121d?s=100&#038;d=mm&#038;r=g' srcset='https:\/\/secure.gravatar.com\/avatar\/74369ec56d764855b839103604f39369d75a5cccab0dc58dac534f77de46121d?s=200&#038;d=mm&#038;r=g 2x' class='avatar avatar-100 photo' height='100' width='100' \/>\t\t\t\t\t<p>Desarrollador Web en <a href=\"https:\/\/rain.agency\/\" rel=\"nofollow\">Rain Agency<\/a>, con mas de 10 a\u00f1os de experiencia. Entusiasta de WordPress, le gusta participar en WordPress meetups c\u00f3mo aprendiz o speaker. Creedor de que todos los ni\u00f1os deber\u00edan de aprender a programar. Dentro de sus especialidades est\u00e1n: WordPress, PHP, MySQL, Javascript, jQuery, CSS3, Gulp, HTML5.<br \/>\nA colaborado en proyectos de WordPress como: <a href=\"http:\/\/campbells.com\/\" target=\"_blank\" rel=\"noopener noreferrer\">Campbells.com<\/a>, <a href=\"http:\/\/rain.agency\/\" target=\"_blank\" rel=\"noopener noreferrer nofollow\">Rain.agency<\/a>, <a href=\"http:\/\/mozenda.com\/\" target=\"_blank\" rel=\"noopener noreferrer\">Mozenda.com<\/a>, <a href=\"http:\/\/votonica.com\/\" target=\"_blank\" rel=\"noopener noreferrer\">Votonica.com<\/a>, <a href=\"http:\/\/anywaytravel.com.ni\/\" target=\"_blank\" rel=\"noopener noreferrer\">AnywayTravel.com.ni<\/a> y muchos m\u00e1s.<\/p>\n\t\t\t\t<\/div>\n\t\t\t<\/div>\n\n\t\t\n\t<\/div><!-- .wcorg-organizers -->\n\t\n","protected":false},"excerpt":{"rendered":"","protected":false},"author":14846161,"featured_media":0,"parent":189,"menu_order":4,"comment_status":"closed","ping_status":"closed","template":"","meta":{"jetpack_post_was_ever_published":false,"footnotes":""},"class_list":["post-198","page","type-page","status-publish","hentry"],"jetpack_sharing_enabled":true,"jetpack_shortlink":"https:\/\/wp.me\/P82FCA-3c","_links":{"self":[{"href":"https:\/\/managua.wordcamp.org\/2017\/wp-json\/wp\/v2\/pages\/198","targetHints":{"allow":["GET"]}}],"collection":[{"href":"https:\/\/managua.wordcamp.org\/2017\/wp-json\/wp\/v2\/pages"}],"about":[{"href":"https:\/\/managua.wordcamp.org\/2017\/wp-json\/wp\/v2\/types\/page"}],"author":[{"embeddable":true,"href":"https:\/\/managua.wordcamp.org\/2017\/wp-json\/wp\/v2\/users\/14846161"}],"replies":[{"embeddable":true,"href":"https:\/\/managua.wordcamp.org\/2017\/wp-json\/wp\/v2\/comments?post=198"}],"version-history":[{"count":7,"href":"https:\/\/managua.wordcamp.org\/2017\/wp-json\/wp\/v2\/pages\/198\/revisions"}],"predecessor-version":[{"id":5779,"href":"https:\/\/managua.wordcamp.org\/2017\/wp-json\/wp\/v2\/pages\/198\/revisions\/5779"}],"up":[{"embeddable":true,"href":"https:\/\/managua.wordcamp.org\/2017\/wp-json\/wp\/v2\/pages\/189"}],"wp:attachment":[{"href":"https:\/\/managua.wordcamp.org\/2017\/wp-json\/wp\/v2\/media?parent=198"}],"curies":[{"name":"wp","href":"https:\/\/api.w.org\/{rel}","templated":true}]}}