{"id":9,"date":"2016-10-24T18:08:10","date_gmt":"2016-10-24T18:08:10","guid":{"rendered":"https:\/\/2016.managua.wordcamp.org\/sessions\/"},"modified":"2017-04-17T16:37:47","modified_gmt":"2017-04-17T22:37:47","slug":"charlas","status":"publish","type":"page","link":"https:\/\/managua.wordcamp.org\/2017\/programa\/charlas\/","title":{"rendered":"Charlas"},"content":{"rendered":"\n\t<div class=\"wcorg-sessions\">\n\t\t\n\t\t\t<div id=\"wcorg-session-5878\" class=\"wcorg-session\" >\n\t\t\t\t<h2>\n\t\t\t\t\tDe la abstracci\u00f3n a lo tangible: C\u00f3mo realizar una arquitectura de la informaci\u00f3n apropiada?\t\t\t\t<\/h2>\n\n\t\t\t\t<div class=\"wcorg-session-description\">\n\t\t\t\t\t\t\t\t\t\t\t\t\t\t\t\t\t\t\t\t<p>La arquitectura de la informaci\u00f3n es la base de toda interfaz. Como cualquier base, si los cimientos no son los adecuados, nada de lo que prosiga sobre estos fundamentos ser\u00e1 lo suficientemente estable, como para prevalecer en el tiempo. En otras palabras, podemos afectar de forma negativa nuestros productos digitales, sino tomamos en cuenta el papel de la arquitectura informaci\u00f3n en la usabilidad y la experiencia.<\/p>\n<p>La informaci\u00f3n es muy polifac\u00e9tica. Un solo tipo de informaci\u00f3n puede ser mostrada de mil formas distintas, entonces, cu\u00e1l escogemos? y por qu\u00e9?\u00a0 En este taller, la primer parte ser\u00e1 sobre teor\u00eda de usabilidad y arquitectura.\u00a0 En la segunda parte, vamos a realizar distintas arquitecturas, con el mismo trozo de informaci\u00f3n, poniendo en practica la teor\u00eda vista anteriormente, pero sobretodo, entendiendo por qu\u00e9 se tomaron las decisiones que se tomaron. Adem\u00e1s hablaremos sobre buenas pr\u00e1cticas generales para nuestras interfaces.<\/p>\n\n\t\t\t\t\t\t\t\t\t<\/div>\n\t\t\t<\/div>\n\n\t\t\n\t\t\t<div id=\"wcorg-session-5868\" class=\"wcorg-session\" >\n\t\t\t\t<h2>\n\t\t\t\t\tMaking a native iOS app with WordPress as backend\t\t\t\t<\/h2>\n\n\t\t\t\t<div class=\"wcorg-session-description\">\n\t\t\t\t\t\t\t\t\t\t\t\t\t\t\t\t\t\t\t\t<p>In this workshop you&#8217;ll learn how to make a native iOS app which uses WordPress for a backend. \u00a0You will learn\u00a0to set up React Native and get your\u00a0first iOS project up and running and logging in to a WordPress backend. The atendees should leave a the workshop with a working iOS project and a working login component which they can use as the base to start other native apps for iOS, Android.<\/p>\n\n\t\t\t\t\t\t\t\t\t<\/div>\n\t\t\t<\/div>\n\n\t\t\n\t\t\t<div id=\"wcorg-session-5834\" class=\"wcorg-session\" >\n\t\t\t\t<h2>\n\t\t\t\t\tEscalando la administraci\u00f3n del mantenimiento y la calidad en peque\u00f1os proyectos de sitios web a grandes equipos\t\t\t\t<\/h2>\n\n\t\t\t\t<div class=\"wcorg-session-description\">\n\t\t\t\t\t\t\t\t\t\t\t\t\t\t\t\t\t\t\t\t<p dir=\"ltr\">WordPress es nuestra herramienta elegida, y la usamos por m\u00faltiples razones. Sin embargo, la plataforma est\u00e1 cambiando constantemente y vemos actualizaciones de temas, plugins y el Core, cada d\u00eda. \u00a1A veces, algunos de nosotros, lanzamos c\u00f3digo con bugs! La administraci\u00f3n, priorizaci\u00f3n de nuestros propios bugs y mejoras de features junto con la actualizaci\u00f3n del c\u00f3digo para ser compatible con todo lo dem\u00e1s en el universo WordPress puede ser un reto dif\u00edcil.<\/p>\n<p dir=\"ltr\">Neill va a cubrir una colecci\u00f3n de herramientas y procesos escalables que son utilizados por \u00e9l y su equipo en Modern Tribe, los desarrolladores del exitoso plugin \u201cThe Events Calendar\u201d. La charla cubrir\u00e1 varios aspectos del proceso de las versiones de mantenimiento el alcance de la misma, elecci\u00f3n bugfixes y el mantenimiento de la calidad del producto. Esta informaci\u00f3n puede aplicarse a proyectos de sitios web peque\u00f1os y grandes tanto como al desarrollo de plugins.<\/p>\n\n\t\t\t\t\t\t\t\t\t<\/div>\n\t\t\t<\/div>\n\n\t\t\n\t\t\t<div id=\"wcorg-session-5785\" class=\"wcorg-session\" >\n\t\t\t\t<h2>\n\t\t\t\t\tTraducci\u00f3n de sitios WordPress\t\t\t\t<\/h2>\n\n\t\t\t\t<div class=\"wcorg-session-description\">\n\t\t\t\t\t\t\t\t\t\t\t\t\t\t\t\t\t\t\t\t<p>La charla tiene como objetivo abarcar:<\/p>\n<ul>\n<li>Dar a conocer conceptos b\u00e1sicos tales como traducci\u00f3n de cadenas, archivos .mo y archivos .po<\/li>\n<li>El uso de plugins de traducci\u00f3n, realizando una comparativa entre los mismo determinando cual es el mejor para cada caso.<\/li>\n<li>Mostrar en base a experiencias diversas formas de realizar traducciones de sitios web (ventajas y desventajas).<\/li>\n<\/ul>\n\n\t\t\t\t\t\t\t\t\t<\/div>\n\t\t\t<\/div>\n\n\t\t\n\t\t\t<div id=\"wcorg-session-5782\" class=\"wcorg-session\" >\n\t\t\t\t<h2>\n\t\t\t\t\tUna visi\u00f3n de emprendedores: Modelos de negocios en WordPress\t\t\t\t<\/h2>\n\n\t\t\t\t<div class=\"wcorg-session-description\">\n\t\t\t\t\t\t\t\t\t\t\t\t\t\t\t\t\t\t\t\t<p>La charla tratar\u00e1 sobre varios modelos de negocio que han probado ser exitosos en el creciente mercado de WordPress. Vamos a ver la mec\u00e1nica de cada modelo y c\u00f3mo difieren en t\u00e9rminos de artesan\u00eda, operaci\u00f3n, beneficios y desventajas.<\/p>\n\n\t\t\t\t\t\t\t\t\t<\/div>\n\t\t\t<\/div>\n\n\t\t\n\t\t\t<div id=\"wcorg-session-5769\" class=\"wcorg-session\" >\n\t\t\t\t<h2>\n\t\t\t\t\tMetodolog\u00edas de investigaci\u00f3n con usuarios y procesos de dise\u00f1o participativo: El usuario como experto\t\t\t\t<\/h2>\n\n\t\t\t\t<div class=\"wcorg-session-description\">\n\t\t\t\t\t\t\t\t\t\t\t\t\t\t\t\t\t\t\t\t<p>En este taller se discutir\u00e1n metodolog\u00edas de investigaci\u00f3n con usuarios (estudios de usabilidad, eyetracking, entre otros) y c\u00f3mo involucrar a usuarios en procesos de dise\u00f1os participativos.<\/p>\n\n\t\t\t\t\t\t\t\t\t<\/div>\n\t\t\t<\/div>\n\n\t\t\n\t\t\t<div id=\"wcorg-session-5756\" class=\"wcorg-session\" >\n\t\t\t\t<h2>\n\t\t\t\t\tContribuyendo a WordPress Core\t\t\t\t<\/h2>\n\n\t\t\t\t<div class=\"wcorg-session-description\">\n\t\t\t\t\t\t\t\t\t\t\t\t\t\t\t\t\t\t\t\t<p>C\u00f3mo iniciar? D\u00f3nde puedo iniciar? Qu\u00e9\u00a0necesito saber antes de ayudar a desarrollar en el WP Core? D\u00f3nde puedo obtener ayuda? Qu\u00e9\u00a0herramientas necesito? Cu\u00e1l ha sido mi experiencia?<\/p>\n\n\t\t\t\t\t\t\t\t\t<\/div>\n\t\t\t<\/div>\n\n\t\t\n\t\t\t<div id=\"wcorg-session-5742\" class=\"wcorg-session\" >\n\t\t\t\t<h2>\n\t\t\t\t\tLa base del UX: arquitectura de la informaci\u00f3n. C\u00f3mo los usuarios buscan y encuentran informaci\u00f3n\t\t\t\t<\/h2>\n\n\t\t\t\t<div class=\"wcorg-session-description\">\n\t\t\t\t\t\t\t\t\t\t\t\t\t\t\t\t\t\t\t\t<p>\u00bfQu\u00e9 es Arquitectura de la Informaci\u00f3n y por qu\u00e9 es fundamental para la experiencia del usuario?. En la charla se compartir\u00e1n procesos que ayuden a construir la arquitectura de la informaci\u00f3n de un sitio Web y metodolog\u00edas de investigaci\u00f3n con usuarios.<\/p>\n\n\t\t\t\t\t\t\t\t\t<\/div>\n\t\t\t<\/div>\n\n\t\t\n\t\t\t<div id=\"wcorg-session-5736\" class=\"wcorg-session\" >\n\t\t\t\t<h2>\n\t\t\t\t\tComo Conseguir lo que tu Empresa quiere con Content Marketing y Retargeting\t\t\t\t<\/h2>\n\n\t\t\t\t<div class=\"wcorg-session-description\">\n\t\t\t\t\t\t\t\t\t\t\t\t\t\t\t\t\t\t\t\t<p>No estas viendo los resultados que quieres? Hoy en d\u00eda todo el mundo trata de vender en las redes sociales, pero lo que muchos no tratan de hacer es conseguir la confianza de su clientes antes de venderles. En esta charla van aprender como montar una campa\u00f1a de content marketing para no nadamos atraer una audiencia pero tambi\u00e9n la confianza de clientes potenciales; y as\u00ed luego venderles v\u00eda anuncios de retargeting.<\/p>\n\n\t\t\t\t\t\t\t\t\t<\/div>\n\t\t\t<\/div>\n\n\t\t\n\t\t\t<div id=\"wcorg-session-5697\" class=\"wcorg-session\" >\n\t\t\t\t<h2>\n\t\t\t\t\tWordPress y la Social Media\t\t\t\t<\/h2>\n\n\t\t\t\t<div class=\"wcorg-session-description\">\n\t\t\t\t\t\t\t\t\t\t\t\t\t\t\t\t\t\t\t\t<p>En esta charla hablaremos sobre c\u00f3mo conseguir que Social Media sea un aliado, un recurso y no la competencia. Se tocar\u00e1n temas c\u00f3mo, por ejemplo, optimizar posts para ser compartidos en Facebook y\u00a0optimizar embeds de Facebook en tu sitio WordPress.<\/p>\n\n\t\t\t\t\t\t\t\t\t<\/div>\n\t\t\t<\/div>\n\n\t\t\n\t\t\t<div id=\"wcorg-session-5579\" class=\"wcorg-session\" >\n\t\t\t\t<h2>\n\t\t\t\t\tWordPress + Laravel?\t\t\t\t<\/h2>\n\n\t\t\t\t<div class=\"wcorg-session-description\">\n\t\t\t\t\t\t\t\t\t\t\t\t\t\t\t\t\t\t\t\t<p>Opciones para crear\/lograr aplicaciones compuestas(WordPress como backend + Laravel), utilizando ventajas de ambas tecnolog\u00edas y mindsets. Caso de uso de aplicaci\u00f3n en Laravel usando WP Rest API para extraer contenido generado en WordPress por el usuario.<\/p>\n\n\t\t\t\t\t\t\t\t\t<\/div>\n\t\t\t<\/div>\n\n\t\t\n\t\t\t<div id=\"wcorg-session-5577\" class=\"wcorg-session\" >\n\t\t\t\t<h2>\n\t\t\t\t\tDesarrollo con WordPress en la nube\t\t\t\t<\/h2>\n\n\t\t\t\t<div class=\"wcorg-session-description\">\n\t\t\t\t\t\t\t\t\t\t\t\t\t\t\t\t\t\t\t\t<p>Abordar las oportunidades que tenemos en la actualidad, para tener entornos de desarrollos remotos, lo cual nos permite una portabilidad del trabajo en nuestro proyectos desde cualquier dispositivo, sistema operativo o locaci\u00f3n. Explicar cuales son las ventajas de ambientes de desarrollo en la nube para freelancers y agencias.<\/p>\n\n\t\t\t\t\t\t\t\t\t<\/div>\n\t\t\t<\/div>\n\n\t\t\n\t\t\t<div id=\"wcorg-session-5571\" class=\"wcorg-session\" >\n\t\t\t\t<h2>\n\t\t\t\t\tUsando Docker con WordPress\t\t\t\t<\/h2>\n\n\t\t\t\t<div class=\"wcorg-session-description\">\n\t\t\t\t\t\t\t\t\t\t\t\t\t\t\t\t\t\t\t\t<p>En esta charla se abordar\u00e1 el uso de <a href=\"https:\/\/www.docker.com\/\" target=\"_blank\" rel=\"noopener noreferrer\">Docker<\/a>, tecnolog\u00eda de contenedores para crear ambientes de desarrollo replicables y compartibles entre equipos de trabajos distribuidos y con menos esfuerzo a la hora de instalaci\u00f3n y uso. La metodolog\u00eda a utilizar es por medio de demostraci\u00f3n en vivo del setup de una instancia para desarrollo, instalaci\u00f3n de plugins, temas, backups, restores y uso de wp-cli.<\/p>\n\n\t\t\t\t\t\t\t\t\t<\/div>\n\t\t\t<\/div>\n\n\t\t\n\t\t\t<div id=\"wcorg-session-5564\" class=\"wcorg-session\" >\n\t\t\t\t<h2>\n\t\t\t\t\t12 herramientas esenciales para el desarrollo en WordPress\t\t\t\t<\/h2>\n\n\t\t\t\t<div class=\"wcorg-session-description\">\n\t\t\t\t\t\t\t\t\t\t\t\t\t\t\t\t\t\t\t\t<p>Las herramientas de desarrollo web han evolucionado enormemente\u00a0en tan s\u00f3lo unos pocos a\u00f1os. Gracias a estos desarrollos, podemos aprovechar el poder de las bibliotecas altamente probadas para mejorar nuestro flujo de trabajo y disponer de mayores posibilidades cuando se trata de dise\u00f1ar un sitio web. No s\u00f3lo eso, sino que cada d\u00eda es m\u00e1s f\u00e1cil\u00a0construir sitios\u00a0de forma colaborativa\u00a0gracias a los sistemas de control de versiones. Desde complementos y servicios en la nube, hasta procesadores que optimizan su c\u00f3digo, nunca ha habido m\u00e1s posibilidades de crear aplicaciones web impresionantes.<\/p>\n<p>Pero con el n\u00famero de estas herramientas que aumentan casi a diario, encontrar las mejores para hacer el trabajo a veces puede sentirse desalentador. Para ayudarte, hemos seleccionado las doce herramientas esenciales que debes usar para el desarrollo web en WordPress.<\/p>\n\n\t\t\t\t\t\t\t\t\t<\/div>\n\t\t\t<\/div>\n\n\t\t\n\t\t\t<div id=\"wcorg-session-5561\" class=\"wcorg-session\" >\n\t\t\t\t<h2>\n\t\t\t\t\tAMP + WP &#8211; Accelerated Mobile Pages\t\t\t\t<\/h2>\n\n\t\t\t\t<div class=\"wcorg-session-description\">\n\t\t\t\t\t\t\t\t\t\t\t\t\t\t\t\t\t\t\t\t<p>Si pensabas que ya ten\u00edas tu web optimizada, que con algo de cache y una CDN lo ten\u00edas todo hecho para obtener un buen ranking en los buscadores y ofrecer una r\u00e1pida y buena experiencia a tus visitantes te equivocas. Te falta AMP, la tecnolog\u00eda de la que todos vamos a hablar en 2017. AMP son las iniciales de Accelerated Mobile Pages, o P\u00e1ginas M\u00f3viles Aceleradas, as\u00ed que solo con esto ya te puedes ir haciendo una idea del asunto. En esta charla aprenderas sobre lo que es y por supuesto lo que no es AMP, cuales son sus fuertes y sus debilidades, as\u00ed como multiples maneras de configurarlo para tu sitio WordPress<\/p>\n\n\t\t\t\t\t\t\t\t\t<\/div>\n\t\t\t<\/div>\n\n\t\t\n\t\t\t<div id=\"wcorg-session-5544\" class=\"wcorg-session\" >\n\t\t\t\t<h2>\n\t\t\t\t\tDesarrollo web con Chocolita\t\t\t\t<\/h2>\n\n\t\t\t\t<div class=\"wcorg-session-description\">\n\t\t\t\t\t\t\t\t\t\t\t\t\t\t\t\t\t\t\t\t<p><a href=\"https:\/\/github.com\/monchitonet\/Chocolita\" target=\"_blank\" rel=\"noopener noreferrer\">Chocolita<\/a> es un tema base de WordPress basado en <a href=\"http:\/\/underscores.me\/\">Underscores<\/a>, con una implementaci\u00f3n de <a href=\"http:\/\/sass-lang.com\/\">Sass<\/a> y una configuraci\u00f3n b\u00e1sica de <a href=\"http:\/\/gulpjs.com\/\">Gulp<\/a>, que ayuda a acelerar y optimizar el proceso de desarrollo de temas personalizados para WordPress desde cero.<\/p>\n<p>En este taller aprenderemos a montar una instalaci\u00f3n b\u00e1sica de WordPress con Chocolita, configurar nuestro entorno de trabajo y modificar algunas plantillas base.<\/p>\n<p>Requisitos para el taller:<\/p>\n<ul>\n<li>Conocimientos b\u00e1sicos de WordPress, HTML, CSS<\/li>\n<li>Computadora personal con Apache, PHP y MySQL instalados (aunque se puede utilizar una soluci\u00f3n en Windows c\u00f3mo WAMP, recomendamos una instalaci\u00f3n en MacOS o Linux)<\/li>\n<\/ul>\n\n\t\t\t\t\t\t\t\t\t<\/div>\n\t\t\t<\/div>\n\n\t\t\n\t\t\t<div id=\"wcorg-session-5540\" class=\"wcorg-session\" >\n\t\t\t\t<h2>\n\t\t\t\t\tWordPress seguro\t\t\t\t<\/h2>\n\n\t\t\t\t<div class=\"wcorg-session-description\">\n\t\t\t\t\t\t\t\t\t\t\t\t\t\t\t\t\t\t\t\t<p>\u00bfQu\u00e9 se necesita para asegurar un sitio hecho en WordPress? Hablaremos sobre seguridad y mejores pr\u00e1cticas. Presentaremos los mejores plugins y herramientas que podemos utilizar para proteger nuestro sitio de ataques.<\/p>\n\n\t\t\t\t\t\t\t\t\t<\/div>\n\t\t\t<\/div>\n\n\t\t\n\t\t\t<div id=\"wcorg-session-5538\" class=\"wcorg-session\" >\n\t\t\t\t<h2>\n\t\t\t\t\tHeadless WordPress\t\t\t\t<\/h2>\n\n\t\t\t\t<div class=\"wcorg-session-description\">\n\t\t\t\t\t\t\t\t\t\t\t\t\t\t\t\t\t\t\t\t<p>Esta conferencia describir\u00e1 c\u00f3mo comenzar a crear aplicaciones web WordPress desacopladas (\u00abHeadless\u00bb) con Create React App y WP-API. Nos vamos a centrar en React.js para el frontend, algunos de los conceptos generales se aplican tambi\u00e9n para construir el frontend con Angular, Rx, Ember o Vue.<\/p>\n<div>\n<div>Requisitos deseables:<\/div>\n<ul>\n<li>Conocimiento b\u00e1sico de JavaScript.<\/li>\n<li>Conocimiento b\u00e1sico de WordPress.<\/li>\n<\/ul>\n<\/div>\n\n\t\t\t\t\t\t\t\t\t<\/div>\n\t\t\t<\/div>\n\n\t\t\n\t\t\t<div id=\"wcorg-session-5531\" class=\"wcorg-session\" >\n\t\t\t\t<h2>\n\t\t\t\t\tRealzando tu admin panel de WordPress\t\t\t\t<\/h2>\n\n\t\t\t\t<div class=\"wcorg-session-description\">\n\t\t\t\t\t\t\t\t\t\t\t\t\t\t\t\t\t\t\t\t<p>En esta charla, revisaremos una serie de fragmentos de c\u00f3digos (code snippets) dise\u00f1ados para que el Admin Panel de WordPress sea un lugar personalizado, potente y f\u00e1cil de usar, y todo sin usar plugins. Luego de esta charla, querr\u00e1s agregarlo a tu caja de herramientas para su reutilizaci\u00f3n en cada sitio. Tareas simples, como a\u00f1adir un logotipo y personalizar la pantalla de inicio de sesi\u00f3n, haciendo que el editor de contenido refleje la apariencia de su sitio y agregar la informaci\u00f3n de contacto de tu empresa en cada p\u00e1gina y luego a la tarea m\u00e1s compleja de agregar campos clasificables y filtros para navegar mejor contenido en el back-end, as\u00ed como la creaci\u00f3n de widgets en el panel de bienvenida de WordPress.<\/p>\n\n\t\t\t\t\t\t\t\t\t<\/div>\n\t\t\t<\/div>\n\n\t\t\n\t\t\t<div id=\"wcorg-session-5529\" class=\"wcorg-session\" >\n\t\t\t\t<h2>\n\t\t\t\t\tCreando temas personalizados\t\t\t\t<\/h2>\n\n\t\t\t\t<div class=\"wcorg-session-description\">\n\t\t\t\t\t\t\t\t\t\t\t\t\t\t\t\t\t\t\t\t<p>En este taller veremos c\u00f3mo personalizar un tema de WordPress de acuerdo a una estructura de sitio\/contenido, generando nuevos Custom Post Types (tipos de entradas), Custom Taxonomies (tipos de categor\u00edas), y Custom Fields (campos personalizados). Tambi\u00e9n veremos algunos ejemplos de personalizaci\u00f3n.<\/p>\n\n\t\t\t\t\t\t\t\t\t<\/div>\n\t\t\t<\/div>\n\n\t\t\n\t\t\t<div id=\"wcorg-session-5525\" class=\"wcorg-session\" >\n\t\t\t\t<h2>\n\t\t\t\t\tListas Negras y como afectan tu sitio WordPress\t\t\t\t<\/h2>\n\n\t\t\t\t<div class=\"wcorg-session-description\">\n\t\t\t\t\t\t\t\t\t\t\t\t\t\t\t\t\t\t\t\t<p>Una charla sobre los impactos de que tu sitio WordPress sea agregado a una de las listas negras mas grandes, Google, Norton, McAfee, Yandex &amp; SpamHaus.<\/p>\n\n\t\t\t\t\t\t\t\t\t<\/div>\n\t\t\t<\/div>\n\n\t\t\n\t\t\t<div id=\"wcorg-session-5520\" class=\"wcorg-session\" >\n\t\t\t\t<h2>\n\t\t\t\t\tWP-CLI command line on WordPress\t\t\t\t<\/h2>\n\n\t\t\t\t<div class=\"wcorg-session-description\">\n\t\t\t\t\t\t\t\t\t\t\t\t\t\t\t\t\t\t\t\t<p>WP-CLI es la interfaz de l\u00ednea de comandos que permite a los usuarios gestionar acciones de WordPress desde la consola, . Se pueden hacer actualizaciones, copias de seguridad, publicar art\u00edculo, instalaciones, actualizaciones, child themes, basic plugins, backups y la mayor\u00eda de las acciones de administraci\u00f3n comunes con un conjunto de comandos. Luego de aprender a instalarlo en nuestro WordPress haremos un demo para analizar el alcance de la herramienta.<\/p>\n\n\t\t\t\t\t\t\t\t\t<\/div>\n\t\t\t<\/div>\n\n\t\t\n\t\t\t<div id=\"wcorg-session-5518\" class=\"wcorg-session\" >\n\t\t\t\t<h2>\n\t\t\t\t\tReact y WordPress\t\t\t\t<\/h2>\n\n\t\t\t\t<div class=\"wcorg-session-description\">\n\t\t\t\t\t\t\t\t\t\t\t\t\t\t\t\t\t\t\t\t<p>La idea es brindar un taller que explique de la manera m\u00e1s clara posible como poder desarrollar una mini aplicaci\u00f3n con React y WordPress. En el transcurso del taller implementaremos un widget wue nos muestre data en tiempo real de un site realizado en WordPress.<\/p>\n\n\t\t\t\t\t\t\t\t\t<\/div>\n\t\t\t<\/div>\n\n\t\t\n\t\t\t<div id=\"wcorg-session-5514\" class=\"wcorg-session\" >\n\t\t\t\t<h2>\n\t\t\t\t\tComo crear una tienda en l\u00ednea con WordPress y Woocommerce\t\t\t\t<\/h2>\n\n\t\t\t\t<div class=\"wcorg-session-description\">\n\t\t\t\t\t\t\t\t\t\t\t\t\t\t\t\t\t\t\t\t<p>El taller\u00a0tiene una parte b\u00e1sica (configuraci\u00f3n) y una parte m\u00e1s avanzada (edici\u00f3n de tema o plugin).<\/p>\n<ul>\n<li>Que debo tener antes de planear mi tienda???<\/li>\n<li>Instalaci\u00f3n de WooCommerce sobre WordPress\n<ul>\n<li>Configuraci\u00f3n b\u00e1sica y dise\u00f1o<\/li>\n<\/ul>\n<\/li>\n<li>Temas (storefront \/ propio)\n<ul>\n<li>Modificando woo para mi tema, cambios en un child plugin dentro de mi tema.<\/li>\n<li>Widgets de Woocommerce<\/li>\n<\/ul>\n<\/li>\n<li>Gesti\u00f3n de productos<\/li>\n<li>Precios\/Descuentos.<\/li>\n<li>Proceso de compra\n<ul>\n<li>Datos de cliente<\/li>\n<li>Datos de facturaci\u00f3n<\/li>\n<\/ul>\n<\/li>\n<li>Gesti\u00f3n de clientes<\/li>\n<li>Gesti\u00f3n de pedidos\n<ul>\n<li>Validaci\u00f3n de pedidos<\/li>\n<li>Anulaci\u00f3n de pedidos<\/li>\n<li>Comunicaci\u00f3n con cliente<\/li>\n<li>Correos electr\u00f3nicos de confirmaci\u00f3n<\/li>\n<li>Cupones de descuento<\/li>\n<\/ul>\n<\/li>\n<li>M\u00e9todos de pago: Transferencia, contra reembolso, PayPal, tarjeta (BAC)<\/li>\n<li>Impuestos<\/li>\n<li>Costos de env\u00edo<\/li>\n<li>Reportes<\/li>\n<li>Extensiones\n<ul>\n<li>M\u00e9todos de pago plugin BAC San Jose<\/li>\n<li>Traducciones<\/li>\n<li>Descripciones extra<\/li>\n<\/ul>\n<\/li>\n<li>Tienda en l\u00ednea APP nativa IOS y Android.<\/li>\n<\/ul>\n\n\t\t\t\t\t\t\t\t\t<\/div>\n\t\t\t<\/div>\n\n\t\t\n\t\t\t<div id=\"wcorg-session-5512\" class=\"wcorg-session\" >\n\t\t\t\t<h2>\n\t\t\t\t\tIntroducci\u00f3n a REST API en WordPress\t\t\t\t<\/h2>\n\n\t\t\t\t<div class=\"wcorg-session-description\">\n\t\t\t\t\t\t\t\t\t\t\t\t\t\t\t\t\t\t\t\t<p>Charla introductoria acerca del nuevo desarrollo que est\u00e1 iniciando una nueva era en WordPress un plugin llamado JSON REST API m\u00e1s conocida como WP-API. Esta convierte WordPress en una poderosa API de publicaci\u00f3n y administraci\u00f3n de contenidos muy f\u00e1cil de usar.<\/p>\n\n\t\t\t\t\t\t\t\t\t<\/div>\n\t\t\t<\/div>\n\n\t\t\n\t\t\t<div id=\"wcorg-session-5509\" class=\"wcorg-session\" >\n\t\t\t\t<h2>\n\t\t\t\t\tCaso de \u00e9xito: \u00bfPorqu\u00e9 \u00abTechSign\u00bb y no Desarrollo y Dise\u00f1o?\t\t\t\t<\/h2>\n\n\t\t\t\t<div class=\"wcorg-session-description\">\n\t\t\t\t\t\t\t\t\t\t\t\t\t\t\t\t\t\t\t\t<p>En el mundo tecnol\u00f3gico, los equipos de Dise\u00f1o y Desarrollo siempre est\u00e1n en una lucha constante por trabajar en equipo y colaborativamente, pero siguen habiendo brechas entre ambos. En Huli optamos por crear un solo equipo llamado TechSign (Tech+Design), integrado por dise\u00f1adores y desarrolladores, que trabajan de la mano y en conjunto, en lugar de ser equipos separados y aislados unos de otros. Eso nos ha ayudado a crear m\u00e1s empat\u00eda entre nosotros mismos, dar mejores soluciones y ser m\u00e1s efectivos y eficientes en lo que hacemos. La sinergia entre nosotros es lo m\u00e1s importante.<\/p>\n\n\t\t\t\t\t\t\t\t\t<\/div>\n\t\t\t<\/div>\n\n\t\t\n\t\t\t<div id=\"wcorg-session-5507\" class=\"wcorg-session\" >\n\t\t\t\t<h2>\n\t\t\t\t\tPage Builders\t\t\t\t<\/h2>\n\n\t\t\t\t<div class=\"wcorg-session-description\">\n\t\t\t\t\t\t\t\t\t\t\t\t\t\t\t\t\t\t\t\t<p>En esta charla hablar\u00e9 sobre el uso de los Page Builders ( Constructores de P\u00e1ginas), Que es un Page Builder?, Son Necesarios?, Pros &amp; Cons, Algunos Ejemplos de Pague Builders como Elementor, Bold Grid y Visual Composer.<\/p>\n\n\t\t\t\t\t\t\t\t\t<\/div>\n\t\t\t<\/div>\n\n\t\t\n\t\t\t<div id=\"wcorg-session-5505\" class=\"wcorg-session\" >\n\t\t\t\t<h2>\n\t\t\t\t\tIncrementa el tr\u00e1fico a tu sitio con Jetpack\t\t\t\t<\/h2>\n\n\t\t\t\t<div class=\"wcorg-session-description\">\n\t\t\t\t\t\t\t\t\t\t\t\t\t\t\t\t\t\t\t\t<p>Descubre como usar Jetpack para obtener un mayor tr\u00e1fico de visitantes hacia tu sitio y lograr que permanezcan en \u00e9l por m\u00e1s tiempo:<\/p>\n<ul>\n<li>Explora distintas herramientas como auto-publicaciones a redes sociales, suscripciones, mapas de sitio y otros para atraer m\u00e1s p\u00fablico hacia tu sitio desde distintos lugares de adquisici\u00f3n.<\/li>\n<li>Mant\u00e9n a tu p\u00fablico en tu sitio por m\u00e1s tiempo con las entradas relacionadas y ofreciendo el contenido que rinde mejor, identific\u00e1ndolo gracias a las estad\u00edsticas.<\/li>\n<li>Ofrece mejoras en la interacci\u00f3n con tu contenido con los botones de like, compartir a redes sociales, mostrando tu comunidad y los comentarios mejorados.<\/li>\n<\/ul>\n\n\t\t\t\t\t\t\t\t\t<\/div>\n\t\t\t<\/div>\n\n\t\t\n\t\t\t<div id=\"wcorg-session-5498\" class=\"wcorg-session\" >\n\t\t\t\t<h2>\n\t\t\t\t\tIngredientes UX \/ UI para una p\u00e1gina en WordPress exitosa\t\t\t\t<\/h2>\n\n\t\t\t\t<div class=\"wcorg-session-description\">\n\t\t\t\t\t\t\t\t\t\t\t\t\t\t\t\t\t\t\t\t<p>Que debemos tener en cuenta para tener \u00e9xito en nuestro proyecto en WordPress, ya sea dise\u00f1ando desde cero o adaptando una plantilla. Que no debe faltar, que debemos evitar?. Esta charla le ayudara a conocer algunas reglas generales que lo ayudaran a tomar decisiones m\u00e1s inteligentes. Hablaremos de planeamiento, research, arquitectura de la informaci\u00f3n, prototipos, estetica UI, A\/B testing y metricas para medir el \u00e9xito.<\/p>\n\n\t\t\t\t\t\t\t\t\t<\/div>\n\t\t\t<\/div>\n\n\t\t\t<\/div><!-- .wcorg-sessions -->\n\n\t\n","protected":false},"excerpt":{"rendered":"","protected":false},"author":14846161,"featured_media":0,"parent":7,"menu_order":0,"comment_status":"closed","ping_status":"closed","template":"","meta":{"jetpack_post_was_ever_published":false,"footnotes":""},"class_list":["post-9","page","type-page","status-publish","hentry"],"jetpack_sharing_enabled":true,"jetpack_shortlink":"https:\/\/wp.me\/P82FCA-9","_links":{"self":[{"href":"https:\/\/managua.wordcamp.org\/2017\/wp-json\/wp\/v2\/pages\/9","targetHints":{"allow":["GET"]}}],"collection":[{"href":"https:\/\/managua.wordcamp.org\/2017\/wp-json\/wp\/v2\/pages"}],"about":[{"href":"https:\/\/managua.wordcamp.org\/2017\/wp-json\/wp\/v2\/types\/page"}],"author":[{"embeddable":true,"href":"https:\/\/managua.wordcamp.org\/2017\/wp-json\/wp\/v2\/users\/14846161"}],"replies":[{"embeddable":true,"href":"https:\/\/managua.wordcamp.org\/2017\/wp-json\/wp\/v2\/comments?post=9"}],"version-history":[{"count":2,"href":"https:\/\/managua.wordcamp.org\/2017\/wp-json\/wp\/v2\/pages\/9\/revisions"}],"predecessor-version":[{"id":5563,"href":"https:\/\/managua.wordcamp.org\/2017\/wp-json\/wp\/v2\/pages\/9\/revisions\/5563"}],"up":[{"embeddable":true,"href":"https:\/\/managua.wordcamp.org\/2017\/wp-json\/wp\/v2\/pages\/7"}],"wp:attachment":[{"href":"https:\/\/managua.wordcamp.org\/2017\/wp-json\/wp\/v2\/media?parent=9"}],"curies":[{"name":"wp","href":"https:\/\/api.w.org\/{rel}","templated":true}]}}