{"id":223,"date":"2017-03-14T03:26:22","date_gmt":"2017-03-14T03:26:22","guid":{"rendered":"https:\/\/2017.managua.wordcamp.org\/?page_id=223"},"modified":"2018-04-11T22:05:17","modified_gmt":"2018-04-12T04:05:17","slug":"niveles-de-patrocinio","status":"publish","type":"page","link":"https:\/\/managua.wordcamp.org\/2018\/patrocinadores\/niveles-de-patrocinio\/","title":{"rendered":"Niveles de Patrocinio"},"content":{"rendered":"<p><span style=\"font-weight: 400\">Los <\/span><b>WordCamp<\/b><span style=\"font-weight: 400\"> son conferencias organizadas localmente para difundir, promover e informarse sobre todo lo relacionado con WordPress, el manejador de contenidos libre y de c\u00f3digo abierto que es utilizado por m\u00e1s 25 millones de sitios alrededor del mundo.<\/span><\/p>\n<p><span style=\"font-weight: 400\">El primer WordCamp fue organizado en San Francisco por Matt Mullenweg en 2006. Desde entonces, las comunidades locales alrededor del mundo han organizado m\u00e1s de 680 WordCamps. En mayo 2018, se llevar\u00e1 la cuarta edici\u00f3n del <\/span><b>WordCamp Nicaragua<\/b><span style=\"font-weight: 400\"> en Managua.<\/span><\/p>\n<p><span style=\"font-weight: 400\">Los asistentes a un WordCamp tienen diversas habilidades y conocimientos; aqu\u00ed se re\u00fanen desde usuarios ocasionales hasta desarrolladores centrales, quienes participan, comparten ideas y se conocen entre s\u00ed. En un WordCamp aprender\u00e1s c\u00f3mo usar WordPress y crear contenido y sitios impresionantes para la web, pero eso no es todo. Tambi\u00e9n podr\u00e1 establecer contactos con otros dise\u00f1adores, comunicadores, desarrolladores, propietarios de negocios, freelancers, bloggers y m\u00e1s.<\/span><\/p>\n<p><b>Sobre los fondos<\/b><\/p>\n<p><span style=\"font-weight: 400\">WordCamp Nicaragua, es desarrollado y organizado por la comunidad WordPress Nicaragua, un grupo de desarrolladores, dise\u00f1adores y comunicadores, apasionados por su trabajo y que se identifican con la premisa open source de WordPress, abrir la mente y compartir el conocimiento para crecer.<\/span><\/p>\n<p><span style=\"font-weight: 400\">Aunque la comunidad cuenta con el apoyo de WordPress, necesita patrocinio para el evento trascendental que se realiza una vez por a\u00f1o, en el que participan ponentes nacionales e internacionales, dispuestos a transmitir sus experiencias con los dem\u00e1s profesionales.<\/span><\/p>\n<p><span style=\"font-weight: 400\">En esta tercera edici\u00f3n van a converger estudiantes, profesionales, empresarios y aficionados que tengan relaci\u00f3n ocasional o directa con la plataforma WordPress, todos reunidos en un vaiv\u00e9n de conocimientos en el terreno de la web. <\/span><\/p>\n<p><span style=\"font-weight: 400\">El objetivo es obtener la mayor cantidad se auspicio posible, para ofrecer al p\u00fablico un precio meramente simb\u00f3lico y que el dinero no sea una limitante para ser part\u00edcipe de este esperado acontecimiento. \u00a0<\/span><\/p>\n<p><b>Beneficios de Patrocinar<\/b><\/p>\n<p><span style=\"font-weight: 400\">1- Exposici\u00f3n<\/span><\/p>\n<p><span style=\"font-weight: 400\">WordCamp Managua es un evento Oficial de WordPress y por ello mueve a una gran cantidad de gente a nivel nacional e internacional. Su repercusi\u00f3n va m\u00e1s lejos del nivel local haciendo que su empresa\/marca sea expuesta a lo largo de la regi\u00f3n.<\/span><\/p>\n<p><span style=\"font-weight: 400\">2- Repercusi\u00f3n en las Redes<\/span><\/p>\n<p><span style=\"font-weight: 400\">La mayor parte de los asistentes a la WordCamp Managua son personas y empresas con p\u00e1ginas, blogs y redes sociales. Esto har\u00e1 que la exposici\u00f3n de su empresa\/marca sea a\u00fan mayor de lo normal.<\/span><\/p>\n<p><span style=\"font-weight: 400\">3- Enlaces a su Web<\/span><\/p>\n<p><span style=\"font-weight: 400\">Los patrocinios Platino, Oro, Plata y Bronce cuentan con enlace desde la p\u00e1gina oficial del WordCamp <\/span><a href=\"https:\/\/2018.manangua.wordcamp.org\"><b>2018.manangua.wordcamp.org <\/b><\/a><span style=\"font-weight: 400\">Incluso tambi\u00e9n contar\u00e1 con un art\u00edculo de agradecimiento en el blog, este con una breve descripci\u00f3n y un enlace a su p\u00e1gina web.<\/span><\/p>\n<p><span style=\"font-weight: 400\">4- Redes Sociales<\/span><\/p>\n<p><span style=\"font-weight: 400\">Con su patrocinio contar\u00e1 en Twitter y Facebook status de agradecimiento desde las cuentas oficiales del WordCamp Managua 2018.<\/span><\/p>\n<p><span style=\"font-weight: 400\">5- Slides entre Sesiones<\/span><\/p>\n<p><span style=\"font-weight: 400\">Su empresa\/marca se ver\u00e1 en los slides de espera entre sesiones. Su marca estar\u00e1 a la vista de todos los asistentes a lo largo de todo el evento.<\/span><\/p>\n<p><span style=\"font-weight: 400\">6- Merchandising, Swags y R\u00f3tulos<\/span><\/p>\n<p><span style=\"font-weight: 400\">Con su patrocinio tiene la opci\u00f3n de tener material impreso con tu marca en el lugar del evento, oportunidad de hacer regalos y concursos e incluso disponer de merchandising en las mesas situadas en el lugar del evento.<\/span><\/p>\n<p><span style=\"font-weight: 400\">7- Informe final del evento<\/span><\/p>\n<p><span style=\"font-weight: 400\">Al finalizar el evento se realizar\u00e1 un Case Study y ser\u00e1 compartido con toda la comunidad internacional. En este informe se agradecer\u00e1 a todos los patrocinadores haciendo que la exposici\u00f3n de su marca sea alt\u00edsima.<\/span><\/p>\n<p><span style=\"font-weight: 400\">8- V\u00eddeo y Entrevistas<\/span><\/p>\n<p><span style=\"font-weight: 400\">Las ponencias ser\u00e1n grabadas, al igual que un resumen global del evento. Estos v\u00eddeos ser\u00e1n subidos a wordpress.tv y ah\u00ed aparecer\u00e1 su marca\u2026 \u00a1M\u00e1s exposici\u00f3n internacional!<\/span><\/p>\n<p><span style=\"font-weight: 400\">9- Certificado de participaci\u00f3n<\/span><\/p>\n<p><span style=\"font-weight: 400\">Los patrocinios Platino, Oro, Plata y Bronce cuentan con un certificado por colaboraci\u00f3n en la realizaci\u00f3n del WordCamp Managua 2018.<\/span><\/p>\n<p><span style=\"font-weight: 400\">10- No es solo un evento<\/span><\/p>\n<p><span style=\"font-weight: 400\">Estamos confiados y con ganas de hacer que WordCamp Nicaragua sea un evento anual y nos gustar\u00eda contar con su apoyo e ir creciendo juntos a\u00f1o tras a\u00f1o.<\/span><\/p>\n<h1>Clasificaci\u00f3n de patrocinadores<\/h1>\n<h2>Platinum: $1,000<\/h2>\n<ul>\n<li style=\"font-weight: 400\"><span style=\"font-weight: 400\">10 entradas para el evento<\/span><\/li>\n<li style=\"font-weight: 400\"><span style=\"font-weight: 400\">Espacio para stand en el evento. <\/span><\/li>\n<li style=\"font-weight: 400\"><span style=\"font-weight: 400\">Logotipo en material publicitario. <\/span><\/li>\n<li style=\"font-weight: 400\"><span style=\"font-weight: 400\">Su logotipo persistente en el sitio web WordCamp Nicaragua 2018. <\/span><\/li>\n<li style=\"font-weight: 400\"><span style=\"font-weight: 400\">Menci\u00f3n del patrocinador en el blog de WordCamp Nicaragua 2018. <\/span><\/li>\n<li style=\"font-weight: 400\"><span style=\"font-weight: 400\">Menciones en medios digitales, tradicionales y charlas el d\u00eda del evento.<\/span><\/li>\n<li style=\"font-weight: 400\"><span style=\"font-weight: 400\">Nuestro infinito agradecimiento por ayudar a la comunidad.<\/span><\/li>\n<\/ul>\n<h2>Oro: $750<\/h2>\n<ul>\n<li style=\"font-weight: 400\"><span style=\"font-weight: 400\">5 entradas para el evento<\/span><\/li>\n<li style=\"font-weight: 400\"><span style=\"font-weight: 400\">Logotipo en material publicitario. <\/span><\/li>\n<li style=\"font-weight: 400\"><span style=\"font-weight: 400\">Su logotipo persistente en el sitio web WordCamp Nicaragua 2018. <\/span><\/li>\n<li style=\"font-weight: 400\"><span style=\"font-weight: 400\">Menci\u00f3n del patrocinador en el blog de WordCamp Nicaragua 2018. <\/span><\/li>\n<li style=\"font-weight: 400\"><span style=\"font-weight: 400\">Menciones en medios digitales, tradicionales y charlas el d\u00eda del evento.<\/span><\/li>\n<li style=\"font-weight: 400\"><span style=\"font-weight: 400\">Nuestro vasto agradecimiento por ayudar a la comunidad.<\/span><\/li>\n<\/ul>\n<h2>Plata: $300<\/h2>\n<ul>\n<li style=\"font-weight: 400\"><span style=\"font-weight: 400\">2 entradas para el evento<\/span><\/li>\n<li style=\"font-weight: 400\"><span style=\"font-weight: 400\">Logotipo en material publicitario. <\/span><\/li>\n<li style=\"font-weight: 400\"><span style=\"font-weight: 400\">Su logotipo persistente en el sitio web WordCamp Nicaragua 2018. <\/span><\/li>\n<li style=\"font-weight: 400\"><span style=\"font-weight: 400\">Menci\u00f3n del patrocinador en el blog de WordCamp Nicaragua 2018. <\/span><\/li>\n<li style=\"font-weight: 400\"><span style=\"font-weight: 400\">Menciones en medios sociales.<\/span><\/li>\n<li style=\"font-weight: 400\"><span style=\"font-weight: 400\">Nuestro sincero agradecimiento por ayudar a la comunidad.<\/span><\/li>\n<\/ul>\n<h2>Bronce: $150<\/h2>\n<ul>\n<li style=\"font-weight: 400\"><span style=\"font-weight: 400\">1 entrada para el evento<\/span><\/li>\n<li style=\"font-weight: 400\"><span style=\"font-weight: 400\">Su logotipo persistente en el sitio web WordCamp Nicaragua 2018. <\/span><\/li>\n<li style=\"font-weight: 400\"><span style=\"font-weight: 400\">Menci\u00f3n del patrocinador en el blog de WordCamp Nicaragua 2018. <\/span><\/li>\n<li style=\"font-weight: 400\"><span style=\"font-weight: 400\">Menciones en medios sociales.<\/span><\/li>\n<li style=\"font-weight: 400\"><span style=\"font-weight: 400\">Nuestro agradecimiento por ayudar a la comunidad.<\/span><\/li>\n<\/ul>\n<p><span style=\"font-weight: 400\">\u00a1Apoya a \u00a0la Comunidad WordPress en Nicaragua!<\/span><\/p>\n","protected":false},"excerpt":{"rendered":"<p>Los WordCamp son conferencias organizadas localmente para difundir, promover e informarse sobre todo lo relacionado con WordPress, el manejador de contenidos libre y de c\u00f3digo abierto que es utilizado por m\u00e1s 25 millones de sitios alrededor del mundo. El primer &hellip; <a href=\"https:\/\/managua.wordcamp.org\/2018\/patrocinadores\/niveles-de-patrocinio\/\">Continue reading <span class=\"assistive-text\">Niveles de Patrocinio<\/span>  <span class=\"meta-nav\">&rarr;<\/span><\/a><\/p>\n","protected":false},"author":14846161,"featured_media":0,"parent":140,"menu_order":0,"comment_status":"closed","ping_status":"closed","template":"","meta":{"jetpack_post_was_ever_published":false,"footnotes":""},"class_list":["post-223","page","type-page","status-publish","hentry"],"jetpack_sharing_enabled":true,"jetpack_shortlink":"https:\/\/wp.me\/P9sjue-3B","_links":{"self":[{"href":"https:\/\/managua.wordcamp.org\/2018\/wp-json\/wp\/v2\/pages\/223","targetHints":{"allow":["GET"]}}],"collection":[{"href":"https:\/\/managua.wordcamp.org\/2018\/wp-json\/wp\/v2\/pages"}],"about":[{"href":"https:\/\/managua.wordcamp.org\/2018\/wp-json\/wp\/v2\/types\/page"}],"author":[{"embeddable":true,"href":"https:\/\/managua.wordcamp.org\/2018\/wp-json\/wp\/v2\/users\/14846161"}],"replies":[{"embeddable":true,"href":"https:\/\/managua.wordcamp.org\/2018\/wp-json\/wp\/v2\/comments?post=223"}],"version-history":[{"count":8,"href":"https:\/\/managua.wordcamp.org\/2018\/wp-json\/wp\/v2\/pages\/223\/revisions"}],"predecessor-version":[{"id":7211,"href":"https:\/\/managua.wordcamp.org\/2018\/wp-json\/wp\/v2\/pages\/223\/revisions\/7211"}],"up":[{"embeddable":true,"href":"https:\/\/managua.wordcamp.org\/2018\/wp-json\/wp\/v2\/pages\/140"}],"wp:attachment":[{"href":"https:\/\/managua.wordcamp.org\/2018\/wp-json\/wp\/v2\/media?parent=223"}],"curies":[{"name":"wp","href":"https:\/\/api.w.org\/{rel}","templated":true}]}}