{"id":224,"date":"2017-04-19T16:05:47","date_gmt":"2017-04-19T22:05:47","guid":{"rendered":"https:\/\/2016.managua.wordcamp.org\/?page_id=13"},"modified":"2019-02-28T13:16:07","modified_gmt":"2019-02-28T19:16:07","slug":"tickets","status":"publish","type":"page","link":"https:\/\/managua.wordcamp.org\/2018\/tickets\/","title":{"rendered":"Tickets"},"content":{"rendered":"<a href=\"https:\/\/managua.wordcamp.org\/2018\/tickets\/\">Please view this page in a browser to purchase or manage tickets.<\/a>\n<p><b>Y SI NO TENGO PAYPAL \u00bfQU\u00c9 HAGO?<\/b><\/p>\n<p><span style=\"font-weight: 400\">\u00a1Que no cunda el p\u00e1nico!<\/span><\/p>\n<p><span style=\"font-weight: 400\">Nosotros te vamos a ayudar. Este va a ser el proceso:<\/span><\/p>\n<ol>\n<li style=\"font-weight: 400\"><span style=\"font-weight: 400\">Deposit\u00e1s en <strong>BAC (#362718660 &#8211; Adriana Luc\u00eda M\u00e1rquez Ruiz)<\/strong> el valor total de la ticket en d\u00f3lares.<\/span><\/li>\n<li style=\"font-weight: 400\"><span style=\"font-weight: 400\">Envias un email con un comprobante del dep\u00f3sito y tu nombre completo a comunicaciones@wpnicaragua.org<\/span><\/li>\n<li style=\"font-weight: 400\"><span style=\"font-weight: 400\">Nosotros te env\u00edamos un cup\u00f3n para que te registr\u00e9s en l\u00ednea<\/span><\/li>\n<li style=\"font-weight: 400\"><span style=\"font-weight: 400\">Te vas a la p\u00e1gina de <\/span><a href=\"https:\/\/2018.managua.wordcamp.org\/tickets\/\"><span style=\"font-weight: 400\">Tickets<\/span><\/a><span style=\"font-weight: 400\"> y us\u00e1s el cup\u00f3n para registrarte. Vamos a necesitar tu nombre completo, correo, talla de camiseta y otras preguntas varias.<\/span><\/li>\n<li style=\"font-weight: 400\"><span style=\"font-weight: 400\">Vas a recibir un email como comprobante de registro del evento.<\/span><\/li>\n<li style=\"font-weight: 400\"><span style=\"font-weight: 400\">Ponete irresistible, que tu nombre, twitter y sitio web van a aparecer en la p\u00e1gina de <\/span><a href=\"https:\/\/2018.managua.wordcamp.org\/acerca\/asistentes\/\"><span style=\"font-weight: 400\">Asistentes<\/span><\/a><span style=\"font-weight: 400\">.<\/span><\/li>\n<li style=\"font-weight: 400\"><span style=\"font-weight: 400\"><strong>CONTA LOS DIAS \u00a1PORQUE YA SOS PARTE DE LA CUARTA EDICI\u00d3N DEL WORDCAMP MANAGUA!<\/strong> &#8211; Perdona los gritos, nos emociona que seas parte de esta edici\u00f3n \ud83d\ude09<\/span><\/li>\n<\/ol>\n<p><span style=\"font-weight: 400\">Si ten\u00e9s dudas o consultas, escribinos a managua@wordcamp.org o mejor registrate en nuestra cuenta de <\/span><a href=\"http:\/\/www.slack.com\/\"><span style=\"font-weight: 400\">Slack<\/span><\/a><span style=\"font-weight: 400\"> en <\/span><a href=\"http:\/\/slack.wpnicaragua.org\/\"><span style=\"font-weight: 400\">slack.wpnicaragua.org<\/span><\/a><span style=\"font-weight: 400\"> y chatea directamente con nosotros.<\/span><\/p>\n<p><strong>\u00a1Estamos ansiosos de verte este 25 y 26 de Mayo en la UCA!<\/strong><\/p>\n","protected":false},"excerpt":{"rendered":"<p>Y SI NO TENGO PAYPAL \u00bfQU\u00c9 HAGO? \u00a1Que no cunda el p\u00e1nico! Nosotros te vamos a ayudar. Este va a ser el proceso: Deposit\u00e1s en BAC (#362718660 &#8211; Adriana Luc\u00eda M\u00e1rquez Ruiz) el valor total de la ticket en d\u00f3lares. &hellip; <a href=\"https:\/\/managua.wordcamp.org\/2018\/tickets\/\">Continue reading <span class=\"assistive-text\">Tickets<\/span>  <span class=\"meta-nav\">&rarr;<\/span><\/a><\/p>\n","protected":false},"author":15891796,"featured_media":0,"parent":0,"menu_order":0,"comment_status":"closed","ping_status":"closed","template":"","meta":{"jetpack_post_was_ever_published":false,"footnotes":""},"class_list":["post-224","page","type-page","status-publish","hentry"],"jetpack_sharing_enabled":true,"jetpack_shortlink":"https:\/\/wp.me\/P9sjue-3C","_links":{"self":[{"href":"https:\/\/managua.wordcamp.org\/2018\/wp-json\/wp\/v2\/pages\/224","targetHints":{"allow":["GET"]}}],"collection":[{"href":"https:\/\/managua.wordcamp.org\/2018\/wp-json\/wp\/v2\/pages"}],"about":[{"href":"https:\/\/managua.wordcamp.org\/2018\/wp-json\/wp\/v2\/types\/page"}],"author":[{"embeddable":true,"href":"https:\/\/managua.wordcamp.org\/2018\/wp-json\/wp\/v2\/users\/15891796"}],"replies":[{"embeddable":true,"href":"https:\/\/managua.wordcamp.org\/2018\/wp-json\/wp\/v2\/comments?post=224"}],"version-history":[{"count":5,"href":"https:\/\/managua.wordcamp.org\/2018\/wp-json\/wp\/v2\/pages\/224\/revisions"}],"predecessor-version":[{"id":8066,"href":"https:\/\/managua.wordcamp.org\/2018\/wp-json\/wp\/v2\/pages\/224\/revisions\/8066"}],"wp:attachment":[{"href":"https:\/\/managua.wordcamp.org\/2018\/wp-json\/wp\/v2\/media?parent=224"}],"curies":[{"name":"wp","href":"https:\/\/api.w.org\/{rel}","templated":true}]}}