{"id":11,"date":"2018-11-29T19:22:58","date_gmt":"2018-11-29T19:22:58","guid":{"rendered":"https:\/\/2019.managua.wordcamp.org\/location\/"},"modified":"2019-03-31T20:34:15","modified_gmt":"2019-03-31T20:34:15","slug":"lugar","status":"publish","type":"page","link":"https:\/\/managua.wordcamp.org\/2019\/wordcamp-2019\/lugar\/","title":{"rendered":"Lugar"},"content":{"rendered":"\n<h2 class=\"wp-block-heading\">Centro de Innovaci\u00f3n | Fundaci\u00f3n Zamora Ter\u00e1n<\/h2>\n\n\n\n<p class=\"wp-block-paragraph\">Km. 4.5 Carretera a Masaya, <em><strong>calle marginal<\/strong><\/em>. Contiguo a la Sucursal Banco LAFISE Bancentro. <\/p>\n\n\n\n<div class=\"wp-block-jetpack-map aligncenter\" data-map-id=\"jp-map-1\" data-map-provider=\"mapbox\" data-api-key=\"pk.eyJ1IjoiYW1hcnF1ZXowNSIsImEiOiJjanR4ZDIzaDAwd3piNDNwZ2N2MW1rZWNpIn0.9cNPyYidA1KeMJQX2LjgBw\" data-map-style=\"default\"><ul><li><a href=\"https:\/\/www.google.com\/maps\/search\/?api=1&amp;query=12.124193,-86.26589\">Centro de Innovaci\u00f3n<\/a><\/li><\/ul><\/div>\n\n\n\n<p class=\"wp-block-paragraph\"><em>\u00c1rea de parqueo no disponible en las instalaciones***<\/em><\/p>\n","protected":false},"excerpt":{"rendered":"<p>Centro de Innovaci\u00f3n | Fundaci\u00f3n Zamora Ter\u00e1n Km. 4.5 Carretera a Masaya, calle marginal. Contiguo a la Sucursal Banco LAFISE Bancentro. \u00c1rea de parqueo no disponible en las instalaciones***<\/p>\n","protected":false},"author":15382359,"featured_media":0,"parent":436,"menu_order":0,"comment_status":"closed","ping_status":"closed","template":"","meta":{"_crdt_document":"","jetpack_post_was_ever_published":false,"footnotes":""},"class_list":["post-11","page","type-page","status-publish","hentry"],"jetpack_sharing_enabled":true,"jetpack_shortlink":"https:\/\/wp.me\/Paxzxb-b","_links":{"self":[{"href":"https:\/\/managua.wordcamp.org\/2019\/wp-json\/wp\/v2\/pages\/11","targetHints":{"allow":["GET"]}}],"collection":[{"href":"https:\/\/managua.wordcamp.org\/2019\/wp-json\/wp\/v2\/pages"}],"about":[{"href":"https:\/\/managua.wordcamp.org\/2019\/wp-json\/wp\/v2\/types\/page"}],"author":[{"embeddable":true,"href":"https:\/\/managua.wordcamp.org\/2019\/wp-json\/wp\/v2\/users\/15382359"}],"replies":[{"embeddable":true,"href":"https:\/\/managua.wordcamp.org\/2019\/wp-json\/wp\/v2\/comments?post=11"}],"version-history":[{"count":13,"href":"https:\/\/managua.wordcamp.org\/2019\/wp-json\/wp\/v2\/pages\/11\/revisions"}],"predecessor-version":[{"id":4745,"href":"https:\/\/managua.wordcamp.org\/2019\/wp-json\/wp\/v2\/pages\/11\/revisions\/4745"}],"up":[{"embeddable":true,"href":"https:\/\/managua.wordcamp.org\/2019\/wp-json\/wp\/v2\/pages\/436"}],"wp:attachment":[{"href":"https:\/\/managua.wordcamp.org\/2019\/wp-json\/wp\/v2\/media?parent=11"}],"curies":[{"name":"wp","href":"https:\/\/api.w.org\/{rel}","templated":true}]}}