{"id":13,"date":"2019-02-28T19:19:42","date_gmt":"2019-02-28T19:19:42","guid":{"rendered":"https:\/\/2019.managua.wordcamp.org\/?page_id=13"},"modified":"2019-05-21T06:35:13","modified_gmt":"2019-05-21T12:35:13","slug":"tickets","status":"publish","type":"page","link":"https:\/\/managua.wordcamp.org\/2019\/tickets\/","title":{"rendered":"Tickets"},"content":{"rendered":"<a href=\"https:\/\/managua.wordcamp.org\/2019\/tickets\/\">Por favor, ve esta p\u00e1gina en un navegador para hacer una compra o gestionar entradas.<\/a>\n<p><span style=\"font-weight: 400\">Si ten\u00e9s dudas o consultas, escribinos a managua@wordcamp.org o mejor registrate en nuestra cuenta de <\/span><a href=\"http:\/\/www.slack.com\/\"><span style=\"font-weight: 400\">Slack<\/span><\/a><span style=\"font-weight: 400\"> en <\/span><a href=\"http:\/\/slack.wpnicaragua.org\/\"><span style=\"font-weight: 400\">slack.wpnicaragua.org<\/span><\/a><span style=\"font-weight: 400\"> y chatea directamente con nosotros.<\/span><\/p>\n<p><strong>\u00a1Estamos ansiosos de verte este 24 y 25 de Mayo en el Centro de Innovaci\u00f3n de la Fundaci\u00f3n Zamora Ter\u00e1n!<\/strong><\/p>\n","protected":false},"excerpt":{"rendered":"<p>Si ten\u00e9s dudas o consultas, escribinos a managua@wordcamp.org o mejor registrate en nuestra cuenta de Slack en slack.wpnicaragua.org y chatea directamente con nosotros. \u00a1Estamos ansiosos de verte este 24 y 25 de Mayo en el Centro de Innovaci\u00f3n de la &hellip; <a href=\"https:\/\/managua.wordcamp.org\/2019\/tickets\/\">Sigue leyendo <span class=\"assistive-text\">Tickets<\/span>  <span class=\"meta-nav\">&rarr;<\/span><\/a><\/p>\n","protected":false},"author":15382359,"featured_media":0,"parent":0,"menu_order":0,"comment_status":"closed","ping_status":"closed","template":"","meta":{"_crdt_document":"","jetpack_post_was_ever_published":false,"footnotes":""},"class_list":["post-13","page","type-page","status-publish","hentry"],"jetpack_sharing_enabled":true,"jetpack_shortlink":"https:\/\/wp.me\/Paxzxb-d","_links":{"self":[{"href":"https:\/\/managua.wordcamp.org\/2019\/wp-json\/wp\/v2\/pages\/13","targetHints":{"allow":["GET"]}}],"collection":[{"href":"https:\/\/managua.wordcamp.org\/2019\/wp-json\/wp\/v2\/pages"}],"about":[{"href":"https:\/\/managua.wordcamp.org\/2019\/wp-json\/wp\/v2\/types\/page"}],"author":[{"embeddable":true,"href":"https:\/\/managua.wordcamp.org\/2019\/wp-json\/wp\/v2\/users\/15382359"}],"replies":[{"embeddable":true,"href":"https:\/\/managua.wordcamp.org\/2019\/wp-json\/wp\/v2\/comments?post=13"}],"version-history":[{"count":6,"href":"https:\/\/managua.wordcamp.org\/2019\/wp-json\/wp\/v2\/pages\/13\/revisions"}],"predecessor-version":[{"id":2269,"href":"https:\/\/managua.wordcamp.org\/2019\/wp-json\/wp\/v2\/pages\/13\/revisions\/2269"}],"wp:attachment":[{"href":"https:\/\/managua.wordcamp.org\/2019\/wp-json\/wp\/v2\/media?parent=13"}],"curies":[{"name":"wp","href":"https:\/\/api.w.org\/{rel}","templated":true}]}}