{"id":446,"date":"2019-03-01T04:31:22","date_gmt":"2019-03-01T04:31:22","guid":{"rendered":"https:\/\/2019.managua.wordcamp.org\/?page_id=446"},"modified":"2019-03-25T05:53:16","modified_gmt":"2019-03-25T05:53:16","slug":"kidscamp","status":"publish","type":"page","link":"https:\/\/managua.wordcamp.org\/2019\/kidscamp\/","title":{"rendered":"KidsCamp"},"content":{"rendered":"\n<h2 class=\"wp-block-heading\"><strong>Primer KidsCamp en Nicaragua <\/strong><\/h2>\n\n\n\n<p class=\"wp-block-paragraph\">Estamos muy contentos de anunciar el primer KidsCamp en WordCamp Managua. El cual se llevar\u00e1 a cabo el s\u00e1bado 25 de mayo de 8 a.m. a 5 p.m. en el Centro de Innovaci\u00f3n de la Fundaci\u00f3n Zamora Ter\u00e1n. <\/p>\n\n\n\n<p class=\"wp-block-paragraph\">Esta sesi\u00f3n est\u00e1 estructurada como un taller de un d\u00eda completo para ni\u00f1os y ni\u00f1as en las <strong>edades de 9 a 15 a\u00f1os<\/strong>, acompa\u00f1ados por sus padres o tutores. El cupo m\u00e1ximo es de <strong>25 ni\u00f1os y ni\u00f1as y 25 adultos.<\/strong><\/p>\n\n\n\n<p class=\"wp-block-paragraph\">La din\u00e1mica del taller consta de juegos, demostraciones pr\u00e1cticas y conversatorios sobre temas tecnol\u00f3gicos. Se contar\u00e1 con la participaci\u00f3n de facilitadores expertos en el tema y voluntarios de la comunidad.<\/p>\n\n\n\n<p class=\"wp-block-paragraph\">El objetivo del taller es que el ni\u00f1o aprenda a crear, alimentar y administrar su propio sitio web utilizando WordPress. Pretendemos con este evento educar a los ni\u00f1os y adolescentes sobre las formas adecuadas de utilizar la web:<\/p>\n\n\n\n<ul class=\"wp-block-list\"><li>Escribir para la web&nbsp;&nbsp;&nbsp; <\/li><li>Investigar y utilizar contenidos de la web<\/li><li>Crear contenido de calidad y relevante<\/li><\/ul>\n\n\n\n<p class=\"wp-block-paragraph\">El taller es un buen ejercicio de creatividad, expresi\u00f3n en escritura y combinaci\u00f3n de habilidades como escribir, complementar el texto con elementos visuales, crear galer\u00edas de im\u00e1genes, buscar e incrustar contenido de video.<\/p>\n","protected":false},"excerpt":{"rendered":"<p>Primer KidsCamp en Nicaragua Estamos muy contentos de anunciar el primer KidsCamp en WordCamp Managua. El cual se llevar\u00e1 a cabo el s\u00e1bado 25 de mayo de 8 a.m. a 5 p.m. en el Centro de Innovaci\u00f3n de la Fundaci\u00f3n &hellip; <a href=\"https:\/\/managua.wordcamp.org\/2019\/kidscamp\/\">Sigue leyendo <span class=\"assistive-text\">KidsCamp<\/span>  <span class=\"meta-nav\">&rarr;<\/span><\/a><\/p>\n","protected":false},"author":14939500,"featured_media":0,"parent":0,"menu_order":0,"comment_status":"closed","ping_status":"closed","template":"","meta":{"_crdt_document":"","jetpack_post_was_ever_published":false,"footnotes":""},"class_list":["post-446","page","type-page","status-publish","hentry"],"jetpack_sharing_enabled":true,"jetpack_shortlink":"https:\/\/wp.me\/Paxzxb-7c","_links":{"self":[{"href":"https:\/\/managua.wordcamp.org\/2019\/wp-json\/wp\/v2\/pages\/446","targetHints":{"allow":["GET"]}}],"collection":[{"href":"https:\/\/managua.wordcamp.org\/2019\/wp-json\/wp\/v2\/pages"}],"about":[{"href":"https:\/\/managua.wordcamp.org\/2019\/wp-json\/wp\/v2\/types\/page"}],"author":[{"embeddable":true,"href":"https:\/\/managua.wordcamp.org\/2019\/wp-json\/wp\/v2\/users\/14939500"}],"replies":[{"embeddable":true,"href":"https:\/\/managua.wordcamp.org\/2019\/wp-json\/wp\/v2\/comments?post=446"}],"version-history":[{"count":4,"href":"https:\/\/managua.wordcamp.org\/2019\/wp-json\/wp\/v2\/pages\/446\/revisions"}],"predecessor-version":[{"id":911,"href":"https:\/\/managua.wordcamp.org\/2019\/wp-json\/wp\/v2\/pages\/446\/revisions\/911"}],"wp:attachment":[{"href":"https:\/\/managua.wordcamp.org\/2019\/wp-json\/wp\/v2\/media?parent=446"}],"curies":[{"name":"wp","href":"https:\/\/api.w.org\/{rel}","templated":true}]}}