{"id":887,"date":"2019-03-25T05:27:51","date_gmt":"2019-03-25T05:27:51","guid":{"rendered":"https:\/\/2019.managua.wordcamp.org\/?page_id=887"},"modified":"2019-03-25T05:27:52","modified_gmt":"2019-03-25T05:27:52","slug":"actividades-sociales","status":"publish","type":"page","link":"https:\/\/managua.wordcamp.org\/2019\/actividades-sociales\/","title":{"rendered":"Actividades Sociales"},"content":{"rendered":"\n<h3 class=\"wp-block-heading\">Cena de Speakers, Sponsors &amp; Organizadores (23\/05)<\/h3>\n\n\n\n<p class=\"wp-block-paragraph\">El d\u00eda jueves invitaremos a los speakers a una cena privada para agradecerles su apoyo al evento. Es una buena oportunidad para que los speakers, patrocinadores y los organizadores del evento se conozcan y&nbsp;hagan networking.<\/p>\n\n\n\n<h3 class=\"wp-block-heading\">Viernes de Cerveza Edici\u00f3n WCMGA2019 (24\/05)<\/h3>\n\n\n\n<p class=\"wp-block-paragraph\">El viernes a partir de las 7pm nos juntaremos para compartir un par de cervezas con los speakers y los miembros de la comunidad WP Nicaragua. Hablaremos sobre WordPress, la comunidad, y la experiencia del WordCamp. \u00a1Est\u00e1n todas y todos cordialmente invitados!<\/p>\n\n\n\n<p class=\"wp-block-paragraph\">Lugar: TBA<\/p>\n\n\n\n<h3 class=\"wp-block-heading\">After Party (25\/05)<\/h3>\n\n\n\n<p class=\"wp-block-paragraph\">Nos reuniremos el s\u00e1bado 26 de mayo, de 7pm hasta que el cuerpot aguante, para compartir unos tragos y socializar un rato. Si quieres acompa\u00f1arnos, aseg\u00farate de llevar tu badge del WordCamp. Estaremos repartiendo tickets de cerveza y bebidas no alcoh\u00f3licas.<\/p>\n\n\n\n<p class=\"wp-block-paragraph\">Lugar: TBA<\/p>\n","protected":false},"excerpt":{"rendered":"<p>Cena de Speakers, Sponsors &amp; Organizadores (23\/05) El d\u00eda jueves invitaremos a los speakers a una cena privada para agradecerles su apoyo al evento. Es una buena oportunidad para que los speakers, patrocinadores y los organizadores del evento se conozcan &hellip; <a href=\"https:\/\/managua.wordcamp.org\/2019\/actividades-sociales\/\">Sigue leyendo <span class=\"assistive-text\">Actividades Sociales<\/span>  <span class=\"meta-nav\">&rarr;<\/span><\/a><\/p>\n","protected":false},"author":15490985,"featured_media":0,"parent":0,"menu_order":0,"comment_status":"closed","ping_status":"closed","template":"","meta":{"_crdt_document":"","jetpack_post_was_ever_published":false,"footnotes":""},"class_list":["post-887","page","type-page","status-publish","hentry"],"jetpack_sharing_enabled":true,"jetpack_shortlink":"https:\/\/wp.me\/Paxzxb-ej","_links":{"self":[{"href":"https:\/\/managua.wordcamp.org\/2019\/wp-json\/wp\/v2\/pages\/887","targetHints":{"allow":["GET"]}}],"collection":[{"href":"https:\/\/managua.wordcamp.org\/2019\/wp-json\/wp\/v2\/pages"}],"about":[{"href":"https:\/\/managua.wordcamp.org\/2019\/wp-json\/wp\/v2\/types\/page"}],"author":[{"embeddable":true,"href":"https:\/\/managua.wordcamp.org\/2019\/wp-json\/wp\/v2\/users\/15490985"}],"replies":[{"embeddable":true,"href":"https:\/\/managua.wordcamp.org\/2019\/wp-json\/wp\/v2\/comments?post=887"}],"version-history":[{"count":2,"href":"https:\/\/managua.wordcamp.org\/2019\/wp-json\/wp\/v2\/pages\/887\/revisions"}],"predecessor-version":[{"id":897,"href":"https:\/\/managua.wordcamp.org\/2019\/wp-json\/wp\/v2\/pages\/887\/revisions\/897"}],"wp:attachment":[{"href":"https:\/\/managua.wordcamp.org\/2019\/wp-json\/wp\/v2\/media?parent=887"}],"curies":[{"name":"wp","href":"https:\/\/api.w.org\/{rel}","templated":true}]}}