{"id":912,"date":"2019-03-25T05:54:59","date_gmt":"2019-03-25T05:54:59","guid":{"rendered":"https:\/\/2019.managua.wordcamp.org\/?page_id=912"},"modified":"2019-04-01T04:20:22","modified_gmt":"2019-04-01T04:20:22","slug":"agenda-del-kidscamp","status":"publish","type":"page","link":"https:\/\/managua.wordcamp.org\/2019\/kidscamp\/agenda-del-kidscamp\/","title":{"rendered":"Agenda del KidsCamp"},"content":{"rendered":"\n<table class=\"wp-block-table\"><tbody><tr><td><strong>Horario<\/strong><\/td><td><strong>Actividad<\/strong><\/td><td><strong>Facilitador<\/strong><\/td><\/tr><tr><td>09:00 &#8211; 09:15<\/td><td>Bienvenida y presentaciones<\/td><\/tr><tr><td>09:15 &#8211; 09:30<\/td><td>Repaso de las actividades del d\u00eda<\/td><\/tr><tr><td>09:30 &#8211; 09:45<\/td><td>Conversatorio: Introducci\u00f3n a WordPress y la comunidad<\/td><\/tr><tr><td>09:45 &#8211; 10:00<\/td><td>Actividad: \u00bfQui\u00e9n soy y qu\u00e9 me gusta?<\/td><\/tr><tr><td>10:00 &#8211; 10:15<\/td><td>Lluvia de ideas: \u00bfDe qu\u00e9 se tratar\u00e1 mi sitio web?<\/td><\/tr><tr><td>10:15 &#8211; 10:30<\/td><td>Descanso para snacks<\/td><\/tr><tr><td>10:30 &#8211; 10:45<\/td><td>Conversatorio: Introducci\u00f3n a licencias libres<\/td><\/tr><tr><td>10:45 &#8211; 11:15<\/td><td>Pr\u00e1ctica: Montaje y configuraci\u00f3n inicial del sitio web<\/td><\/tr><tr><td>11:15 &#8211; 11:45<\/td><td>Pr\u00e1ctica: Personalizaci\u00f3n del sitio web<\/td><\/tr><tr><td>11:45 &#8211; 13:00<\/td><td>Almuerzo<\/td><\/tr><tr><td>13:00 &#8211; 13:15<\/td><td>Conversatorio: Tips para navegar seguro en la red<\/td><\/tr><tr><td>13:15 &#8211; 13:45<\/td><td>Pr\u00e1ctica: Creando p\u00e1ginas<\/td><\/tr><tr><td>13:45 &#8211; 14:45<\/td><td>Pr\u00e1ctica: Creando entradas<\/td><\/tr><tr><td>14:45 &#8211; 15:00<\/td><td>Descanso para snacks<\/td><\/tr><tr><td>15:30 &#8211; 16:00<\/td><td>Presentaci\u00f3n de sitios web y entrega de premios<\/td><\/tr><\/tbody><\/table>\n\n\n\n<p class=\"wp-block-paragraph\"><strong>7.2 Script del taller<\/strong><br><\/p>\n\n\n\n<ol class=\"wp-block-list\"><li><strong>Bienvenida y presentaciones<\/strong><ol><li>Introducir a los facilitadores y voluntarios<\/li><li>Ir en un c\u00edrculo y que los ni\u00f1os se presenten<\/li><\/ol><\/li><\/ol>\n\n\n\n<ol class=\"wp-block-list\"><li><strong>Repaso de las actividades del d\u00eda<\/strong><\/li><\/ol>\n\n\n\n<ol class=\"wp-block-list\"><li><strong>Conversatorio: Introducci\u00f3n a WordPress y la comunidad<\/strong><ol><li>Explicar lo que es WordPress<\/li><li>Explicar lo que es software libre<\/li><li>Hablar un poco sobre lo que hacemos como comunidad<\/li><\/ol><\/li><\/ol>\n\n\n\n<ol class=\"wp-block-list\"><li><strong>Actividad: \u00bfQui\u00e9n soy y qu\u00e9 me gusta?<\/strong><ol><li>Dar a cada ni\u00f1o un pedazo de papel y pedirle que escriban:<ol><li>Su nombre<\/li><li>Las tres cosas favoritas que le gustan hacer<\/li><\/ol><\/li><\/ol><\/li><\/ol>\n\n\n\n<ol class=\"wp-block-list\"><li><strong>Lluvia de ideas: \u00bfDe qu\u00e9 se tratar\u00e1 mi sitio web?<\/strong><ol><li>Con la ayuda de los voluntarios y utilizando las tarjetas que acaban de hacer:<ol><li>Pensar en un nombre\/dominio para su sitio web<\/li><li>Pensar en qu\u00e9 tipo de contenidos se va a publicar<\/li><\/ol><\/li><\/ol><\/li><\/ol>\n\n\n\n<ol class=\"wp-block-list\"><li><strong>Descanso para snacks<\/strong><\/li><\/ol>\n\n\n\n<ol class=\"wp-block-list\"><li><strong>Conversatorio: Introducci\u00f3n a licencias libres<\/strong><ol><li>Se les ense\u00f1an a los ni\u00f1os conceptos c\u00f3mo copyright, derechos de autor, licencias libres y la importancia de compartir<\/li><\/ol><\/li><\/ol>\n\n\n\n<ol class=\"wp-block-list\"><li><strong>Pr\u00e1ctica: Montaje y configuraci\u00f3n inicial del sitio web<\/strong><ol><li>Con la ayuda de los voluntarios, los ni\u00f1os:<ol><li>Registran su sitio web en wordpress.com<\/li><li>Hacen la configuraci\u00f3n inicial del sitio (identidad del sitio, perfil)<\/li><\/ol><\/li><\/ol><\/li><\/ol>\n\n\n\n<ol class=\"wp-block-list\"><li><strong>Pr\u00e1ctica: Personalizaci\u00f3n del sitio web<\/strong><ol><li>Con la ayuda de los voluntarios, los ni\u00f1os:<ol><li>Escogen un tema para su sitio web<\/li><li>Agregan un encabezado personalizado<\/li><\/ol><\/li><\/ol><\/li><\/ol>\n\n\n\n<ol class=\"wp-block-list\"><li><strong>Almuerzo<\/strong><\/li><\/ol>\n\n\n\n<ol class=\"wp-block-list\"><li><strong>Conversatorio: Tips para navegar seguro en la red<\/strong><ol><li>Se les ense\u00f1an a los ni\u00f1os y padres sobre el uso seguro de la Internet, la importancia de no compartir datos personales en l\u00ednea y el ser responsable y respetuoso hacia los dem\u00e1s en un ambiente virtual<\/li><\/ol><\/li><\/ol>\n\n\n\n<ol class=\"wp-block-list\"><li><strong>Pr\u00e1ctica: Creando p\u00e1ginas<\/strong><ol><li>Con la ayuda de los voluntarios, los ni\u00f1os crean un p\u00e1gina <em>Acerca de<\/em> en el sitio web<\/li><li>Se agrega texto a la p\u00e1gina<\/li><li>Se agregan im\u00e1genes, etiquetas alt y descripci\u00f3n<\/li><\/ol><\/li><\/ol>\n\n\n\n<ol class=\"wp-block-list\"><li><strong>Pr\u00e1ctica: Creando entradas<\/strong><ol><li>Con la ayuda de los voluntarios, los ni\u00f1os crean su primera entrada<\/li><li>Los ni\u00f1os aprenden a insertar un v\u00eddeo en la entrada<\/li><li>Los ni\u00f1os aprenden a insertar una galer\u00eda de fotos en la entrada<\/li><\/ol><\/li><\/ol>\n\n\n\n<ol class=\"wp-block-list\"><li><strong>Descanso para snacks<\/strong><\/li><\/ol>\n\n\n\n<ol class=\"wp-block-list\"><li><strong>Presentaci\u00f3n de sitios web y entrega de premios<\/strong><ol><li>Antes de que termine el d\u00eda se cargan todos los sitios en la computadora del facilitador<\/li><li>Cada ni\u00f1o pasa al frente a contar un poco sobre su proyecto<\/li><li>Se les entregan swags\/stickers a los ni\u00f1os como premio a su esfuerzo <\/li><li>Se alienta a los ni\u00f1os a que sigan trabajando en su proyecto y que participen en futuras actividades de la comunidad<\/li><\/ol><\/li><\/ol>\n","protected":false},"excerpt":{"rendered":"<p>Horario Actividad Facilitador 09:00 &#8211; 09:15 Bienvenida y presentaciones 09:15 &#8211; 09:30 Repaso de las actividades del d\u00eda 09:30 &#8211; 09:45 Conversatorio: Introducci\u00f3n a WordPress y la comunidad 09:45 &#8211; 10:00 Actividad: \u00bfQui\u00e9n soy y qu\u00e9 me gusta? 10:00 &#8211; &hellip; <a href=\"https:\/\/managua.wordcamp.org\/2019\/kidscamp\/agenda-del-kidscamp\/\">Sigue leyendo <span class=\"assistive-text\">Agenda del KidsCamp<\/span>  <span class=\"meta-nav\">&rarr;<\/span><\/a><\/p>\n","protected":false},"author":15490985,"featured_media":0,"parent":446,"menu_order":0,"comment_status":"closed","ping_status":"closed","template":"","meta":{"_crdt_document":"","jetpack_post_was_ever_published":false,"footnotes":""},"class_list":["post-912","page","type-page","status-publish","hentry"],"jetpack_sharing_enabled":true,"jetpack_shortlink":"https:\/\/wp.me\/Paxzxb-eI","_links":{"self":[{"href":"https:\/\/managua.wordcamp.org\/2019\/wp-json\/wp\/v2\/pages\/912","targetHints":{"allow":["GET"]}}],"collection":[{"href":"https:\/\/managua.wordcamp.org\/2019\/wp-json\/wp\/v2\/pages"}],"about":[{"href":"https:\/\/managua.wordcamp.org\/2019\/wp-json\/wp\/v2\/types\/page"}],"author":[{"embeddable":true,"href":"https:\/\/managua.wordcamp.org\/2019\/wp-json\/wp\/v2\/users\/15490985"}],"replies":[{"embeddable":true,"href":"https:\/\/managua.wordcamp.org\/2019\/wp-json\/wp\/v2\/comments?post=912"}],"version-history":[{"count":1,"href":"https:\/\/managua.wordcamp.org\/2019\/wp-json\/wp\/v2\/pages\/912\/revisions"}],"predecessor-version":[{"id":913,"href":"https:\/\/managua.wordcamp.org\/2019\/wp-json\/wp\/v2\/pages\/912\/revisions\/913"}],"up":[{"embeddable":true,"href":"https:\/\/managua.wordcamp.org\/2019\/wp-json\/wp\/v2\/pages\/446"}],"wp:attachment":[{"href":"https:\/\/managua.wordcamp.org\/2019\/wp-json\/wp\/v2\/media?parent=912"}],"curies":[{"name":"wp","href":"https:\/\/api.w.org\/{rel}","templated":true}]}}