{"id":914,"date":"2019-03-25T05:57:29","date_gmt":"2019-03-25T05:57:29","guid":{"rendered":"https:\/\/2019.managua.wordcamp.org\/?page_id=914"},"modified":"2019-04-01T04:20:51","modified_gmt":"2019-04-01T04:20:51","slug":"preguntas-frecuentes-kidscamp","status":"publish","type":"page","link":"https:\/\/managua.wordcamp.org\/2019\/kidscamp\/preguntas-frecuentes-kidscamp\/","title":{"rendered":"Preguntas Frecuentes KidsCamp"},"content":{"rendered":"\n<p class=\"wp-block-paragraph\"><strong>P: Compr\u00e9 un boleto para mi (s) hijo (s). <\/strong><strong>Si me quedo con mi hijo, \u00bfnecesito comprar un boleto para m\u00ed?<\/strong><\/p>\n\n\n\n<p class=\"wp-block-paragraph\">R: S\u00ed, esto nos ayudar\u00e1 a cubrir los costos de todas las comidas y otros gastos necesarios.<br><br><\/p>\n\n\n\n<p class=\"wp-block-paragraph\"><strong>P: \u00bfQu\u00e9 beneficio tiene la entrada para mi hijo?<\/strong><\/p>\n\n\n\n<p class=\"wp-block-paragraph\">R: Un gafete con su nombre, welcome kit, almuerzo y refrigerio, y materiales para el desarrollo del taller.<\/p>\n\n\n\n<p class=\"wp-block-paragraph\"><strong>P: \u00bfDebo llevar una computadora port\u00e1til?<\/strong><\/p>\n\n\n\n<p class=\"wp-block-paragraph\">R: S\u00ed, no proporcionamos computadoras port\u00e1tiles. Las tabletas tambi\u00e9n pueden funcionar, aunque son m\u00e1s lentas para que muchos j\u00f3venes (y adultos) desarrollen.<br><br><\/p>\n\n\n\n<p class=\"wp-block-paragraph\"><strong>P: \u00bfQu\u00e9 edades son apropiadas?<\/strong><\/p>\n\n\n\n<p class=\"wp-block-paragraph\">R: \u00a0El rango de edad para este campamento es 9 a 15 a\u00f1os.<br><br><\/p>\n\n\n\n<p class=\"wp-block-paragraph\"><strong>P: Tengo una pregunta, \u00bfa qui\u00e9n puedo enviarla?<\/strong><\/p>\n\n\n\n<p class=\"wp-block-paragraph\">R: Env\u00edenos un correo electr\u00f3nico a managua@wordcamp.org<br><\/p>\n","protected":false},"excerpt":{"rendered":"<p>P: Compr\u00e9 un boleto para mi (s) hijo (s). Si me quedo con mi hijo, \u00bfnecesito comprar un boleto para m\u00ed? R: S\u00ed, esto nos ayudar\u00e1 a cubrir los costos de todas las comidas y otros gastos necesarios. P: \u00bfQu\u00e9 &hellip; <a href=\"https:\/\/managua.wordcamp.org\/2019\/kidscamp\/preguntas-frecuentes-kidscamp\/\">Sigue leyendo <span class=\"assistive-text\">Preguntas Frecuentes KidsCamp<\/span>  <span class=\"meta-nav\">&rarr;<\/span><\/a><\/p>\n","protected":false},"author":15490985,"featured_media":0,"parent":446,"menu_order":0,"comment_status":"closed","ping_status":"closed","template":"","meta":{"_crdt_document":"","jetpack_post_was_ever_published":false,"footnotes":""},"class_list":["post-914","page","type-page","status-publish","hentry"],"jetpack_sharing_enabled":true,"jetpack_shortlink":"https:\/\/wp.me\/Paxzxb-eK","_links":{"self":[{"href":"https:\/\/managua.wordcamp.org\/2019\/wp-json\/wp\/v2\/pages\/914","targetHints":{"allow":["GET"]}}],"collection":[{"href":"https:\/\/managua.wordcamp.org\/2019\/wp-json\/wp\/v2\/pages"}],"about":[{"href":"https:\/\/managua.wordcamp.org\/2019\/wp-json\/wp\/v2\/types\/page"}],"author":[{"embeddable":true,"href":"https:\/\/managua.wordcamp.org\/2019\/wp-json\/wp\/v2\/users\/15490985"}],"replies":[{"embeddable":true,"href":"https:\/\/managua.wordcamp.org\/2019\/wp-json\/wp\/v2\/comments?post=914"}],"version-history":[{"count":1,"href":"https:\/\/managua.wordcamp.org\/2019\/wp-json\/wp\/v2\/pages\/914\/revisions"}],"predecessor-version":[{"id":916,"href":"https:\/\/managua.wordcamp.org\/2019\/wp-json\/wp\/v2\/pages\/914\/revisions\/916"}],"up":[{"embeddable":true,"href":"https:\/\/managua.wordcamp.org\/2019\/wp-json\/wp\/v2\/pages\/446"}],"wp:attachment":[{"href":"https:\/\/managua.wordcamp.org\/2019\/wp-json\/wp\/v2\/media?parent=914"}],"curies":[{"name":"wp","href":"https:\/\/api.w.org\/{rel}","templated":true}]}}