{"id":10,"date":"2023-07-17T21:22:37","date_gmt":"2023-07-18T03:22:37","guid":{"rendered":"https:\/\/managua.wordcamp.org\/2023\/sponsors\/"},"modified":"2023-10-23T07:12:55","modified_gmt":"2023-10-23T13:12:55","slug":"sponsors","status":"publish","type":"page","link":"https:\/\/managua.wordcamp.org\/2023\/sponsors\/","title":{"rendered":"Patrocinadores"},"content":{"rendered":"\n<h2 class=\"wp-block-heading\">Concepci\u00f3n<\/h2>\n\n\n\n<div class=\"wp-block-query is-layout-flow wp-block-query-is-layout-flow\"><ul class=\"columns-3 wp-block-post-template is-layout-grid wp-container-core-post-template-is-layout-2fc57c17 wp-block-post-template-is-layout-grid\"><li class=\"wp-block-post post-28 wcb_sponsor type-wcb_sponsor status-publish has-post-thumbnail hentry wcb_sponsor_level-concepcion\">\n<figure style=\"aspect-ratio:16\/9;\" class=\"wp-block-post-featured-image\"><a href=\"https:\/\/managua.wordcamp.org\/2023\/sponsor\/bluehost\/\" target=\"_self\"  ><img loading=\"lazy\" decoding=\"async\" width=\"651\" height=\"137\" src=\"https:\/\/managua.wordcamp.org\/2023\/files\/2023\/07\/bh_logo_2015.png\" class=\"attachment-post-thumbnail size-post-thumbnail wp-post-image\" alt=\"Bluehost\" style=\"width:100%;height:100%;object-fit:contain;\" srcset=\"https:\/\/managua.wordcamp.org\/2023\/files\/2023\/07\/bh_logo_2015.png 651w, https:\/\/managua.wordcamp.org\/2023\/files\/2023\/07\/bh_logo_2015-300x63.png 300w, https:\/\/managua.wordcamp.org\/2023\/files\/2023\/07\/bh_logo_2015-500x105.png 500w\" sizes=\"auto, (max-width: 651px) 100vw, 651px\" \/><\/a><\/figure>\n<\/li><li class=\"wp-block-post post-26 wcb_sponsor type-wcb_sponsor status-publish has-post-thumbnail hentry wcb_sponsor_level-concepcion\">\n<figure style=\"aspect-ratio:16\/9;\" class=\"wp-block-post-featured-image\"><a href=\"https:\/\/managua.wordcamp.org\/2023\/sponsor\/godaddy\/\" target=\"_self\"  ><img loading=\"lazy\" decoding=\"async\" width=\"480\" height=\"198\" src=\"https:\/\/managua.wordcamp.org\/2023\/files\/2023\/07\/Copy-of-gd-logo-480x360-1-480x198.png\" class=\"attachment-post-thumbnail size-post-thumbnail wp-post-image\" alt=\"GoDaddy\" style=\"width:100%;height:100%;object-fit:contain;\" \/><\/a><\/figure>\n<\/li><li class=\"wp-block-post post-24 wcb_sponsor type-wcb_sponsor status-publish has-post-thumbnail hentry wcb_sponsor_level-concepcion\">\n<figure style=\"aspect-ratio:16\/9;\" class=\"wp-block-post-featured-image\"><a href=\"https:\/\/managua.wordcamp.org\/2023\/sponsor\/jetpack\/\" target=\"_self\"  ><img loading=\"lazy\" decoding=\"async\" width=\"1200\" height=\"455\" src=\"https:\/\/managua.wordcamp.org\/2023\/files\/2023\/07\/jetpack-logo-horizontal-color-1200x455.png\" class=\"attachment-post-thumbnail size-post-thumbnail wp-post-image\" alt=\"Jetpack\" style=\"width:100%;height:100%;object-fit:contain;\" srcset=\"https:\/\/managua.wordcamp.org\/2023\/files\/2023\/07\/jetpack-logo-horizontal-color-1200x455.png 1200w, https:\/\/managua.wordcamp.org\/2023\/files\/2023\/07\/jetpack-logo-horizontal-color-300x114.png 300w, https:\/\/managua.wordcamp.org\/2023\/files\/2023\/07\/jetpack-logo-horizontal-color-1024x388.png 1024w, https:\/\/managua.wordcamp.org\/2023\/files\/2023\/07\/jetpack-logo-horizontal-color-768x291.png 768w, https:\/\/managua.wordcamp.org\/2023\/files\/2023\/07\/jetpack-logo-horizontal-color-500x189.png 500w, https:\/\/managua.wordcamp.org\/2023\/files\/2023\/07\/jetpack-logo-horizontal-color-1536x582.png 1536w, https:\/\/managua.wordcamp.org\/2023\/files\/2023\/07\/jetpack-logo-horizontal-color-1980x750.png 1980w, https:\/\/managua.wordcamp.org\/2023\/files\/2023\/07\/jetpack-logo-horizontal-color.png 2046w\" sizes=\"auto, (max-width: 1200px) 100vw, 1200px\" \/><\/a><\/figure>\n<\/li><li class=\"wp-block-post post-22 wcb_sponsor type-wcb_sponsor status-publish has-post-thumbnail hentry wcb_sponsor_level-concepcion\">\n<figure style=\"aspect-ratio:16\/9;\" class=\"wp-block-post-featured-image\"><a href=\"https:\/\/managua.wordcamp.org\/2023\/sponsor\/siteground\/\" target=\"_self\"  ><img loading=\"lazy\" decoding=\"async\" width=\"400\" height=\"81\" src=\"https:\/\/managua.wordcamp.org\/2023\/files\/2023\/07\/siteground-logo-black-transparent-400x81-2.png\" class=\"attachment-post-thumbnail size-post-thumbnail wp-post-image\" alt=\"SiteGround\" style=\"width:100%;height:100%;object-fit:contain;\" srcset=\"https:\/\/managua.wordcamp.org\/2023\/files\/2023\/07\/siteground-logo-black-transparent-400x81-2.png 400w, https:\/\/managua.wordcamp.org\/2023\/files\/2023\/07\/siteground-logo-black-transparent-400x81-2-300x61.png 300w\" sizes=\"auto, (max-width: 400px) 100vw, 400px\" \/><\/a><\/figure>\n<\/li><li class=\"wp-block-post post-30 wcb_sponsor type-wcb_sponsor status-publish has-post-thumbnail hentry wcb_sponsor_level-concepcion\">\n<figure style=\"aspect-ratio:16\/9;\" class=\"wp-block-post-featured-image\"><a href=\"https:\/\/managua.wordcamp.org\/2023\/sponsor\/weglot\/\" target=\"_self\"  ><img loading=\"lazy\" decoding=\"async\" width=\"940\" height=\"198\" src=\"https:\/\/managua.wordcamp.org\/2023\/files\/2023\/07\/Weglot-CPT-logo-940x198.png\" class=\"attachment-post-thumbnail size-post-thumbnail wp-post-image\" alt=\"Weglot\" style=\"width:100%;height:100%;object-fit:contain;\" \/><\/a><\/figure>\n<\/li><\/ul><\/div>\n\n\n\n<h2 class=\"wp-block-heading\">Cena de Ponentes<\/h2>\n\n\n\n<div class=\"wp-block-query is-layout-flow wp-block-query-is-layout-flow\"><ul class=\"columns-3 wp-block-post-template is-layout-grid wp-container-core-post-template-is-layout-2fc57c17 wp-block-post-template-is-layout-grid\"><li class=\"wp-block-post post-1248 wcb_sponsor type-wcb_sponsor status-publish has-post-thumbnail hentry wcb_sponsor_level-cena-de-ponentes\">\n<figure style=\"aspect-ratio:16\/9;\" class=\"wp-block-post-featured-image\"><a href=\"https:\/\/managua.wordcamp.org\/2023\/sponsor\/siteground-spain-sl\/\" target=\"_self\"  ><img loading=\"lazy\" decoding=\"async\" width=\"400\" height=\"81\" src=\"https:\/\/managua.wordcamp.org\/2023\/files\/2023\/10\/siteground-logo-black-transparent-400x81-1.png\" class=\"attachment-post-thumbnail size-post-thumbnail wp-post-image\" alt=\"SiteGround Spain SL\" style=\"width:100%;height:100%;object-fit:contain;\" srcset=\"https:\/\/managua.wordcamp.org\/2023\/files\/2023\/10\/siteground-logo-black-transparent-400x81-1.png 400w, https:\/\/managua.wordcamp.org\/2023\/files\/2023\/10\/siteground-logo-black-transparent-400x81-1-300x61.png 300w\" sizes=\"auto, (max-width: 400px) 100vw, 400px\" \/><\/a><\/figure>\n<\/li><\/ul><\/div>\n\n\n\n<h2 class=\"wp-block-heading\">Maderas<\/h2>\n\n\n\n<div class=\"wp-block-query is-layout-flow wp-block-query-is-layout-flow\"><ul class=\"columns-3 wp-block-post-template is-layout-grid wp-container-core-post-template-is-layout-2fc57c17 wp-block-post-template-is-layout-grid\"><li class=\"wp-block-post post-549 wcb_sponsor type-wcb_sponsor status-publish has-post-thumbnail hentry wcb_sponsor_level-maderas\">\n<figure style=\"aspect-ratio:16\/9;\" class=\"wp-block-post-featured-image\"><a href=\"https:\/\/managua.wordcamp.org\/2023\/sponsor\/nicasource\/\" target=\"_self\"  ><img loading=\"lazy\" decoding=\"async\" width=\"1200\" height=\"512\" src=\"https:\/\/managua.wordcamp.org\/2023\/files\/2023\/09\/logons-1200x512.png\" class=\"attachment-post-thumbnail size-post-thumbnail wp-post-image\" alt=\"NicaSource\" style=\"width:100%;height:100%;object-fit:contain;\" srcset=\"https:\/\/managua.wordcamp.org\/2023\/files\/2023\/09\/logons-1200x512.png 1200w, https:\/\/managua.wordcamp.org\/2023\/files\/2023\/09\/logons-300x128.png 300w, https:\/\/managua.wordcamp.org\/2023\/files\/2023\/09\/logons-1024x437.png 1024w, https:\/\/managua.wordcamp.org\/2023\/files\/2023\/09\/logons-768x328.png 768w, https:\/\/managua.wordcamp.org\/2023\/files\/2023\/09\/logons-500x214.png 500w, https:\/\/managua.wordcamp.org\/2023\/files\/2023\/09\/logons-1536x656.png 1536w, https:\/\/managua.wordcamp.org\/2023\/files\/2023\/09\/logons-2048x875.png 2048w, https:\/\/managua.wordcamp.org\/2023\/files\/2023\/09\/logons-1980x846.png 1980w\" sizes=\"auto, (max-width: 1200px) 100vw, 1200px\" \/><\/a><\/figure>\n<\/li><\/ul><\/div>\n\n\n\n<h2 class=\"wp-block-heading\">Momotombo<\/h2>\n\n\n\n<div class=\"wp-block-query is-layout-flow wp-block-query-is-layout-flow\"><ul class=\"columns-3 wp-block-post-template is-layout-grid wp-container-core-post-template-is-layout-2fc57c17 wp-block-post-template-is-layout-grid\"><li class=\"wp-block-post post-32 wcb_sponsor type-wcb_sponsor status-publish has-post-thumbnail hentry wcb_sponsor_level-momotombo\">\n<figure style=\"aspect-ratio:16\/9;\" class=\"wp-block-post-featured-image\"><a href=\"https:\/\/managua.wordcamp.org\/2023\/sponsor\/woocommerce\/\" target=\"_self\"  ><img loading=\"lazy\" decoding=\"async\" width=\"940\" height=\"198\" src=\"https:\/\/managua.wordcamp.org\/2023\/files\/2023\/07\/Copy-of-woocommerce-logo-color-black@2x-2-940x198.png\" class=\"attachment-post-thumbnail size-post-thumbnail wp-post-image\" alt=\"WooCommerce\" style=\"width:100%;height:100%;object-fit:contain;\" \/><\/a><\/figure>\n<\/li><\/ul><\/div>\n\n\n\n<h2 class=\"wp-block-heading\">Momotombito<\/h2>\n\n\n\n<div class=\"wp-block-query is-layout-flow wp-block-query-is-layout-flow\"><ul class=\"columns-3 wp-block-post-template is-layout-grid wp-container-core-post-template-is-layout-2fc57c17 wp-block-post-template-is-layout-grid\"><li class=\"wp-block-post post-564 wcb_sponsor type-wcb_sponsor status-publish has-post-thumbnail hentry wcb_sponsor_level-momotombito\">\n<figure style=\"aspect-ratio:16\/9;\" class=\"wp-block-post-featured-image\"><a href=\"https:\/\/managua.wordcamp.org\/2023\/sponsor\/greengeeks\/\" target=\"_self\"  ><img loading=\"lazy\" decoding=\"async\" width=\"1200\" height=\"238\" src=\"https:\/\/managua.wordcamp.org\/2023\/files\/2023\/09\/2023-GreenGeeks-logo-black-type-1200x238.jpg\" class=\"attachment-post-thumbnail size-post-thumbnail wp-post-image\" alt=\"GreenGeeks\" style=\"width:100%;height:100%;object-fit:contain;\" srcset=\"https:\/\/managua.wordcamp.org\/2023\/files\/2023\/09\/2023-GreenGeeks-logo-black-type-1200x238.jpg 1200w, https:\/\/managua.wordcamp.org\/2023\/files\/2023\/09\/2023-GreenGeeks-logo-black-type-300x59.jpg 300w, https:\/\/managua.wordcamp.org\/2023\/files\/2023\/09\/2023-GreenGeeks-logo-black-type-1024x203.jpg 1024w, https:\/\/managua.wordcamp.org\/2023\/files\/2023\/09\/2023-GreenGeeks-logo-black-type-768x152.jpg 768w, https:\/\/managua.wordcamp.org\/2023\/files\/2023\/09\/2023-GreenGeeks-logo-black-type-500x99.jpg 500w, https:\/\/managua.wordcamp.org\/2023\/files\/2023\/09\/2023-GreenGeeks-logo-black-type-1536x304.jpg 1536w, https:\/\/managua.wordcamp.org\/2023\/files\/2023\/09\/2023-GreenGeeks-logo-black-type.jpg 1786w\" sizes=\"auto, (max-width: 1200px) 100vw, 1200px\" \/><\/a><\/figure>\n<\/li><li class=\"wp-block-post post-618 wcb_sponsor type-wcb_sponsor status-publish has-post-thumbnail hentry wcb_sponsor_level-momotombito\">\n<figure style=\"aspect-ratio:16\/9;\" class=\"wp-block-post-featured-image\"><a href=\"https:\/\/managua.wordcamp.org\/2023\/sponsor\/ido-agency\/\" target=\"_self\"  ><img loading=\"lazy\" decoding=\"async\" width=\"1200\" height=\"565\" src=\"https:\/\/managua.wordcamp.org\/2023\/files\/2023\/10\/Logo-iDo-02-1200x565.png\" class=\"attachment-post-thumbnail size-post-thumbnail wp-post-image\" alt=\"iDo Agency\" style=\"width:100%;height:100%;object-fit:contain;\" srcset=\"https:\/\/managua.wordcamp.org\/2023\/files\/2023\/10\/Logo-iDo-02-1200x565.png 1200w, https:\/\/managua.wordcamp.org\/2023\/files\/2023\/10\/Logo-iDo-02-300x141.png 300w, https:\/\/managua.wordcamp.org\/2023\/files\/2023\/10\/Logo-iDo-02-1024x482.png 1024w, https:\/\/managua.wordcamp.org\/2023\/files\/2023\/10\/Logo-iDo-02-768x362.png 768w, https:\/\/managua.wordcamp.org\/2023\/files\/2023\/10\/Logo-iDo-02-500x236.png 500w, https:\/\/managua.wordcamp.org\/2023\/files\/2023\/10\/Logo-iDo-02.png 1488w\" sizes=\"auto, (max-width: 1200px) 100vw, 1200px\" \/><\/a><\/figure>\n<\/li><li class=\"wp-block-post post-1152 wcb_sponsor type-wcb_sponsor status-publish has-post-thumbnail hentry wcb_sponsor_level-momotombito\">\n<figure style=\"aspect-ratio:16\/9;\" class=\"wp-block-post-featured-image\"><a href=\"https:\/\/managua.wordcamp.org\/2023\/sponsor\/importaciones-fuentes\/\" target=\"_self\"  ><img loading=\"lazy\" decoding=\"async\" width=\"1200\" height=\"504\" src=\"https:\/\/managua.wordcamp.org\/2023\/files\/2023\/10\/Logo-Transp-1200x504.png\" class=\"attachment-post-thumbnail size-post-thumbnail wp-post-image\" alt=\"Importaciones Fuentes\" style=\"width:100%;height:100%;object-fit:contain;\" srcset=\"https:\/\/managua.wordcamp.org\/2023\/files\/2023\/10\/Logo-Transp-1200x504.png 1200w, https:\/\/managua.wordcamp.org\/2023\/files\/2023\/10\/Logo-Transp-300x126.png 300w, https:\/\/managua.wordcamp.org\/2023\/files\/2023\/10\/Logo-Transp-1024x430.png 1024w, https:\/\/managua.wordcamp.org\/2023\/files\/2023\/10\/Logo-Transp-768x323.png 768w, https:\/\/managua.wordcamp.org\/2023\/files\/2023\/10\/Logo-Transp-500x210.png 500w, https:\/\/managua.wordcamp.org\/2023\/files\/2023\/10\/Logo-Transp-1536x645.png 1536w, https:\/\/managua.wordcamp.org\/2023\/files\/2023\/10\/Logo-Transp.png 1752w\" sizes=\"auto, (max-width: 1200px) 100vw, 1200px\" \/><\/a><\/figure>\n<\/li><li class=\"wp-block-post post-1470 wcb_sponsor type-wcb_sponsor status-publish has-post-thumbnail hentry wcb_sponsor_level-momotombito\">\n<figure style=\"aspect-ratio:16\/9;\" class=\"wp-block-post-featured-image\"><a href=\"https:\/\/managua.wordcamp.org\/2023\/sponsor\/metaversewp\/\" target=\"_self\"  ><img loading=\"lazy\" decoding=\"async\" width=\"374\" height=\"135\" src=\"https:\/\/managua.wordcamp.org\/2023\/files\/2024\/02\/My-Quest-To-Teach-2023.png\" class=\"attachment-post-thumbnail size-post-thumbnail wp-post-image\" alt=\"MetaverseWP\u00a0\" style=\"width:100%;height:100%;object-fit:contain;\" srcset=\"https:\/\/managua.wordcamp.org\/2023\/files\/2024\/02\/My-Quest-To-Teach-2023.png 374w, https:\/\/managua.wordcamp.org\/2023\/files\/2024\/02\/My-Quest-To-Teach-2023-300x108.png 300w\" sizes=\"auto, (max-width: 374px) 100vw, 374px\" \/><\/a><\/figure>\n<\/li><li class=\"wp-block-post post-615 wcb_sponsor type-wcb_sponsor status-publish has-post-thumbnail hentry wcb_sponsor_level-momotombito\">\n<figure style=\"aspect-ratio:16\/9;\" class=\"wp-block-post-featured-image\"><a href=\"https:\/\/managua.wordcamp.org\/2023\/sponsor\/monchito\/\" target=\"_self\"  ><img loading=\"lazy\" decoding=\"async\" width=\"1000\" height=\"540\" src=\"https:\/\/managua.wordcamp.org\/2023\/files\/2023\/10\/monchito_logo.png\" class=\"attachment-post-thumbnail size-post-thumbnail wp-post-image\" alt=\"Monchito\" style=\"width:100%;height:100%;object-fit:contain;\" srcset=\"https:\/\/managua.wordcamp.org\/2023\/files\/2023\/10\/monchito_logo.png 1000w, https:\/\/managua.wordcamp.org\/2023\/files\/2023\/10\/monchito_logo-300x162.png 300w, https:\/\/managua.wordcamp.org\/2023\/files\/2023\/10\/monchito_logo-768x415.png 768w, https:\/\/managua.wordcamp.org\/2023\/files\/2023\/10\/monchito_logo-500x270.png 500w\" sizes=\"auto, (max-width: 1000px) 100vw, 1000px\" \/><\/a><\/figure>\n<\/li><\/ul><\/div>\n\n\n\n<h3 class=\"wp-block-heading\">\u00bfInteresado en patrocinar WordCamp Managua este a\u00f1o?<\/h3>\n\n\n\n<p>Revisa nuestros paquetes de sponsor ac\u00e1: <a href=\"https:\/\/managua.wordcamp.org\/2023\/llamado-a-patrocinadores\/\">LLamado a patrocinadores<\/a> llena el formulario o escr\u00edbenos a <a href=\"mailto:managua@wordcamp.org\">managua@wordcamp.org<\/a>.<\/p>\n\n\n\n<p>\u00a1Nos encantar\u00eda tenerte en nuestro WordCamp!<\/p>\n\n\n\n<h2 class=\"wp-block-heading\"><\/h2>\n\n\n\n<h2 class=\"wp-block-heading\"><\/h2>\n","protected":false},"excerpt":{"rendered":"<p>Concepci\u00f3n Cena de Ponentes Maderas Momotombo Momotombito \u00bfInteresado en patrocinar WordCamp Managua este a\u00f1o? Revisa nuestros paquetes de sponsor ac\u00e1: LLamado a patrocinadores llena el formulario o escr\u00edbenos a managua@wordcamp.org. \u00a1Nos encantar\u00eda tenerte en nuestro WordCamp!<\/p>\n","protected":false},"author":14939500,"featured_media":0,"parent":0,"menu_order":0,"comment_status":"closed","ping_status":"closed","template":"","meta":{"jetpack_post_was_ever_published":false,"footnotes":""},"class_list":["post-10","page","type-page","status-publish","hentry"],"jetpack_sharing_enabled":true,"_links":{"self":[{"href":"https:\/\/managua.wordcamp.org\/2023\/wp-json\/wp\/v2\/pages\/10","targetHints":{"allow":["GET"]}}],"collection":[{"href":"https:\/\/managua.wordcamp.org\/2023\/wp-json\/wp\/v2\/pages"}],"about":[{"href":"https:\/\/managua.wordcamp.org\/2023\/wp-json\/wp\/v2\/types\/page"}],"author":[{"embeddable":true,"href":"https:\/\/managua.wordcamp.org\/2023\/wp-json\/wp\/v2\/users\/14939500"}],"replies":[{"embeddable":true,"href":"https:\/\/managua.wordcamp.org\/2023\/wp-json\/wp\/v2\/comments?post=10"}],"version-history":[{"count":35,"href":"https:\/\/managua.wordcamp.org\/2023\/wp-json\/wp\/v2\/pages\/10\/revisions"}],"predecessor-version":[{"id":1369,"href":"https:\/\/managua.wordcamp.org\/2023\/wp-json\/wp\/v2\/pages\/10\/revisions\/1369"}],"wp:attachment":[{"href":"https:\/\/managua.wordcamp.org\/2023\/wp-json\/wp\/v2\/media?parent=10"}],"curies":[{"name":"wp","href":"https:\/\/api.w.org\/{rel}","templated":true}]}}