{"id":11,"date":"2023-07-17T21:22:37","date_gmt":"2023-07-18T03:22:37","guid":{"rendered":"https:\/\/managua.wordcamp.org\/2023\/location\/"},"modified":"2023-10-08T17:19:20","modified_gmt":"2023-10-08T23:19:20","slug":"location","status":"publish","type":"page","link":"https:\/\/managua.wordcamp.org\/2023\/location\/","title":{"rendered":"\u00bfD\u00f3nde ser\u00e1 el WordCamp?"},"content":{"rendered":"\n<p><\/p>\n\n\n\n<p>Este a\u00f1o el WordCamp se llevara a cabo en el<strong> <a href=\"https:\/\/www.ihg.com\/holidayinn\/hotels\/us\/en\/managua\/mgajs\/hoteldetail?cm_mmc=GoogleMaps-_-HI-_-NI-_-MGAJS\">Holiday Inn Managua &#8211; Convention Center<\/a><\/strong>. <\/p>\n\n\n\n<p><\/p>\n\n\n\n<figure class=\"wp-block-image size-large\"><img loading=\"lazy\" decoding=\"async\" width=\"1024\" height=\"768\" src=\"https:\/\/managua.wordcamp.org\/2023\/files\/2023\/09\/image-1024x768.png\" alt=\"\" class=\"wp-image-261\" srcset=\"https:\/\/managua.wordcamp.org\/2023\/files\/2023\/09\/image-1024x768.png 1024w, https:\/\/managua.wordcamp.org\/2023\/files\/2023\/09\/image-300x225.png 300w, https:\/\/managua.wordcamp.org\/2023\/files\/2023\/09\/image-768x576.png 768w, https:\/\/managua.wordcamp.org\/2023\/files\/2023\/09\/image-400x300.png 400w, https:\/\/managua.wordcamp.org\/2023\/files\/2023\/09\/image-1536x1152.png 1536w, https:\/\/managua.wordcamp.org\/2023\/files\/2023\/09\/image-2048x1536.png 2048w, https:\/\/managua.wordcamp.org\/2023\/files\/2023\/09\/image-1200x900.png 1200w, https:\/\/managua.wordcamp.org\/2023\/files\/2023\/09\/image-1980x1485.png 1980w\" sizes=\"auto, (max-width: 1024px) 100vw, 1024px\" \/><\/figure>\n\n\n\n<div data-map-provider=\"mapbox\" data-api-key=\"pk.eyJ1Ijoid29yZGNhbXBtYW5hZ3VhIiwiYSI6ImNsbTJraTFrZDBwZGMzZHBla3ZwYXNjNW0ifQ.8FGHSbMxK_9C8Y2eVjsoLA\" class=\"wp-block-jetpack-map\" data-map-style=\"default\" data-map-details=\"true\" data-points=\"[{&quot;placeTitle&quot;:&quot;Holiday Inn Nicaragua&quot;,&quot;title&quot;:&quot;Holiday Inn Nicaragua&quot;,&quot;caption&quot;:&quot;Holiday Inn Nicaragua, Plaza Holiday Inn, Juan Pablo Ii Ave., Managua, Managua, Nicaragua&quot;,&quot;id&quot;:&quot;poi.120259163585&quot;,&quot;coordinates&quot;:{&quot;longitude&quot;:-86.279711,&quot;latitude&quot;:12.123901}}]\" data-zoom=\"16\" data-map-center=\"{&quot;lng&quot;:-86.279711,&quot;lat&quot;:12.123901}\" data-marker-color=\"red\" data-show-fullscreen-button=\"true\"><ul><li><a href=\"https:\/\/www.google.com\/maps\/search\/?api=1&amp;query=12.123901,-86.279711\">Holiday Inn Nicaragua<\/a><\/li><\/ul><\/div>\n\n\n\n<p>El centro de convenciones cuenta con estacionamiento.<\/p>\n\n\n\n<p>El venue tambien est\u00e1 ofreciendo un descuento en alojamiento para los asistentes. Para m\u00e1s informaci\u00f3n sigue este enlace: <a href=\"https:\/\/managua.wordcamp.org\/2023\/alojamiento-wcmga2023\/\">Descuento en alojamiento WordCamp Managua<\/a>.<\/p>\n","protected":false},"excerpt":{"rendered":"<p>Este a\u00f1o el WordCamp se llevara a cabo en el Holiday Inn Managua &#8211; Convention Center. El centro de convenciones cuenta con estacionamiento. El venue tambien est\u00e1 ofreciendo un descuento en alojamiento para los asistentes. Para m\u00e1s informaci\u00f3n sigue este enlace: Descuento en alojamiento WordCamp Managua.<\/p>\n","protected":false},"author":14939500,"featured_media":0,"parent":0,"menu_order":0,"comment_status":"closed","ping_status":"closed","template":"","meta":{"jetpack_post_was_ever_published":false,"footnotes":""},"class_list":["post-11","page","type-page","status-publish","hentry"],"jetpack_sharing_enabled":true,"_links":{"self":[{"href":"https:\/\/managua.wordcamp.org\/2023\/wp-json\/wp\/v2\/pages\/11","targetHints":{"allow":["GET"]}}],"collection":[{"href":"https:\/\/managua.wordcamp.org\/2023\/wp-json\/wp\/v2\/pages"}],"about":[{"href":"https:\/\/managua.wordcamp.org\/2023\/wp-json\/wp\/v2\/types\/page"}],"author":[{"embeddable":true,"href":"https:\/\/managua.wordcamp.org\/2023\/wp-json\/wp\/v2\/users\/14939500"}],"replies":[{"embeddable":true,"href":"https:\/\/managua.wordcamp.org\/2023\/wp-json\/wp\/v2\/comments?post=11"}],"version-history":[{"count":11,"href":"https:\/\/managua.wordcamp.org\/2023\/wp-json\/wp\/v2\/pages\/11\/revisions"}],"predecessor-version":[{"id":1508,"href":"https:\/\/managua.wordcamp.org\/2023\/wp-json\/wp\/v2\/pages\/11\/revisions\/1508"}],"wp:attachment":[{"href":"https:\/\/managua.wordcamp.org\/2023\/wp-json\/wp\/v2\/media?parent=11"}],"curies":[{"name":"wp","href":"https:\/\/api.w.org\/{rel}","templated":true}]}}