{"id":21,"date":"2023-07-17T21:22:37","date_gmt":"2023-07-18T03:22:37","guid":{"rendered":"https:\/\/managua.wordcamp.org\/2023\/code-of-conduct\/"},"modified":"2023-10-08T17:31:32","modified_gmt":"2023-10-08T23:31:32","slug":"code-of-conduct","status":"publish","type":"page","link":"https:\/\/managua.wordcamp.org\/2023\/code-of-conduct\/","title":{"rendered":"Codigo de Conducta"},"content":{"rendered":"\n<h3 class=\"wp-block-heading\"> <\/h3>\n\n\n\n<ol class=\"wp-block-list\">\n<li><strong>PROP\u00d3SITO<\/strong><\/li>\n<\/ol>\n\n\n\n<p>WordCamp Managua, Nicaragua\u00a0cree que nuestra comunidad debe estar abierta para todo el mundo. Como tal, estamos comprometidos a proporcionar un ambiente agradable, seguro y acogedor para todos, independientemente de su sexo, orientaci\u00f3n sexual, discapacidad, etnia, religi\u00f3n, sistema operativo preferido, lenguaje de programaci\u00f3n o editor de texto. Este c\u00f3digo de conducta resume nuestras expectativas para el comportamiento de los participantes, as\u00ed como las consecuencias de un comportamiento inaceptable. Instamos a todos los patrocinadores, voluntarios, conferenciantes, asistentes y otros participantes a ayudarnos a tener una experiencia de conferencia segura y positiva para todos.<\/p>\n\n\n\n<p><strong>2. COMUNIDAD OPEN SOURCE<\/strong><\/p>\n\n\n\n<p>Un objetivo adicional de este c\u00f3digo de conducta es incrementar la Comunidad Open Source, alentando a los participantes a reconocer y fortalecer las relaciones entre lo que hacemos y la sociedad en general. Al servicio de este objetivo, los organizadores de WordCamp Managua, Nicaragua\u00a0tomar\u00e1n notas para realizar nominaciones de los miembros ejemplares de la comunidad durante todo el evento y reconocer\u00e1n a los seleccionados despu\u00e9s de la conferencia en el sitio web. Queremos saber si ves a alguien que est\u00e1 haciendo un esfuerzo extra para asegurar que nuestra comunidad sea acogedora, amable y alienta a todos los participantes a contribuir en la mayor medida.<\/p>\n\n\n\n<p><strong>3. COMPORTAMIENTO ESPERADO<\/strong><\/p>\n\n\n\n<ul class=\"wp-block-list\">\n<li>Sea considerado, respetuoso y colaborativo.<\/li>\n<\/ul>\n\n\n\n<ul class=\"wp-block-list\">\n<li>Abstenerse de conducta y lenguaje degradante, discriminatorio o de acoso.<\/li>\n<\/ul>\n\n\n\n<ul class=\"wp-block-list\">\n<li>Sea consciente de su entorno y de sus compa\u00f1eros. Alerte a los organizadores de la conferencia si usted nota una situaci\u00f3n peligrosa o que alguien est\u00e1 en peligro.<\/li>\n<\/ul>\n\n\n\n<ul class=\"wp-block-list\">\n<li>Participe de una manera aut\u00e9ntica y activa. Al hacerlo, usted ayuda a crear WordCamp Managua, Nicaragua&nbsp;y eso cuenta.<\/li>\n<\/ul>\n\n\n\n<p>4. <strong>COMPORTAMIENTO INACEPTABLE<\/strong><\/p>\n\n\n\n<p>Entre los comportamientos inaceptables se incluyen: intimidaci\u00f3n, acoso, conducta abusiva, discriminatoria, despectiva o degradante por parte de cualquier asistente al WordCamp Managua, Nicaragua\u00a0y eventos relacionados. Durante el evento WordCamp Managua, Nicaragua\u00a0puede compartir espacios con otras personas; por favor sea respetuoso con todos en estos lugares. El acoso incluye: comentarios verbales ofensivos relacionados con el g\u00e9nero, la orientaci\u00f3n sexual, la raza, la religi\u00f3n, la discapacidad; uso inadecuado de desnudos y\/o im\u00e1genes sexuales en espacios p\u00fablicos (incluyendo diapositivas en la presentaci\u00f3n); intimidaci\u00f3n deliberada, acecho o siguiente; acosar fotograf\u00eda o grabaci\u00f3n; interrupci\u00f3n sostenida de charlas y otros eventos; contacto f\u00edsico inapropiado y atenci\u00f3n sexual no deseada.<\/p>\n\n\n\n<p>5. <strong>CONSECUENCIAS DE COMPORTAMIENTO INACEPTABLE<\/strong><\/p>\n\n\n\n<p>El comportamiento inaceptable no ser\u00e1 tolerado por los dem\u00e1s asistentes, organizadores, personal del evento, patrocinadores u otras personas que compartan espacio con la WordCamp Managua,\u00a0Nicaragua. Se espera que ante un comportamiento inaceptable sea detenido inmediatamente. Si un participante se involucra en una conducta inaceptable, los organizadores de la conferencia pueden tomar cualquier acci\u00f3n que consideren apropiada, hasta la expulsi\u00f3n de la conferencia sin previo aviso o reembolso.<\/p>\n\n\n\n<p>6. <strong>\u00bfQU\u00c9 HACER SI USTED ES TESTIGO O ES OBJETO DE COMPORTAMIENTO INACEPTABLE?<\/strong><\/p>\n\n\n\n<p>Si usted est\u00e1 sujeto a un comportamiento inaceptable, nota que alguien est\u00e1 siendo objeto del mismo, o tiene otras preocupaciones, por favor notifique a un organizador de la conferencia tan pronto como le sea posible. El equipo WordCamp Managua, Nicaragua\u00a0estar\u00e1 disponible para ayudar a los participantes en el contacto con seguridad o la polic\u00eda local, para proporcionar servicios de acompa\u00f1antes, o para ayudar de otra manera a los que experimenten un comportamiento inaceptable o que se sientan seguros durante la realizaci\u00f3n de la conferencia. Cualquier voluntario puede conectar con un organizador de la conferencia. Tambi\u00e9n puede llegar al mostrador especial de inscripci\u00f3n en el vest\u00edbulo y pedirlo a los organizadores.<\/p>\n\n\n\n<p>7.<strong> ALCANCE<\/strong><\/p>\n\n\n\n<p>Esperamos que todos los participantes de la conferencia (patrocinadores, voluntarios, ponentes, asistentes y otros invitados) respeten el c\u00f3digo de conducta en todas las salas y los eventos sociales relacionados.<\/p>\n\n\n\n<p><strong>8 INFORMACI\u00d3N DE CONTACTO<\/strong><\/p>\n\n\n\n<p><a href=\"mailto:managua@wordcamp.org\">managua@wordcamp.org<\/a><\/p>\n\n\n\n<p><strong>9. LICENCIA Y ATRIBUCI\u00d3N<\/strong><\/p>\n\n\n\n<p>Este C\u00f3digo de Conducta est\u00e1 adaptado a nuestro evento partiendo del trabajo del Open Source Bridge. El original est\u00e1 disponible en&nbsp;<a href=\"http:\/\/opensourcebridge.org\/about\/code-of-conduct\/\">http:\/\/opensourcebridge.org\/about\/code-of-conduct<\/a>&nbsp;y est\u00e1 liberado bajo la misma licencia&nbsp;<a href=\"http:\/\/creativecommons.org\/licenses\/by%20sa\/3.0\/\">Creative Commons Reconocimiento \u2013 Compartir<\/a>.<\/p>\n","protected":false},"excerpt":{"rendered":"<p>WordCamp Managua, Nicaragua\u00a0cree que nuestra comunidad debe estar abierta para todo el mundo. Como tal, estamos comprometidos a proporcionar un ambiente agradable, seguro y acogedor para todos, independientemente de su sexo, orientaci\u00f3n sexual, discapacidad, etnia, religi\u00f3n, sistema operativo preferido, lenguaje de programaci\u00f3n o editor de texto. Este c\u00f3digo de conducta resume nuestras expectativas para el [&hellip;]<\/p>\n","protected":false},"author":14939500,"featured_media":0,"parent":0,"menu_order":0,"comment_status":"closed","ping_status":"closed","template":"","meta":{"jetpack_post_was_ever_published":false,"footnotes":""},"class_list":["post-21","page","type-page","status-publish","hentry"],"jetpack_sharing_enabled":true,"_links":{"self":[{"href":"https:\/\/managua.wordcamp.org\/2023\/wp-json\/wp\/v2\/pages\/21","targetHints":{"allow":["GET"]}}],"collection":[{"href":"https:\/\/managua.wordcamp.org\/2023\/wp-json\/wp\/v2\/pages"}],"about":[{"href":"https:\/\/managua.wordcamp.org\/2023\/wp-json\/wp\/v2\/types\/page"}],"author":[{"embeddable":true,"href":"https:\/\/managua.wordcamp.org\/2023\/wp-json\/wp\/v2\/users\/14939500"}],"replies":[{"embeddable":true,"href":"https:\/\/managua.wordcamp.org\/2023\/wp-json\/wp\/v2\/comments?post=21"}],"version-history":[{"count":4,"href":"https:\/\/managua.wordcamp.org\/2023\/wp-json\/wp\/v2\/pages\/21\/revisions"}],"predecessor-version":[{"id":1066,"href":"https:\/\/managua.wordcamp.org\/2023\/wp-json\/wp\/v2\/pages\/21\/revisions\/1066"}],"wp:attachment":[{"href":"https:\/\/managua.wordcamp.org\/2023\/wp-json\/wp\/v2\/media?parent=21"}],"curies":[{"name":"wp","href":"https:\/\/api.w.org\/{rel}","templated":true}]}}