{"id":524,"date":"2023-09-27T14:06:25","date_gmt":"2023-09-27T20:06:25","guid":{"rendered":"https:\/\/managua.wordcamp.org\/2023\/?page_id=524"},"modified":"2023-10-06T15:07:26","modified_gmt":"2023-10-06T21:07:26","slug":"alojamiento-wcmga2023","status":"publish","type":"page","link":"https:\/\/managua.wordcamp.org\/2023\/alojamiento-wcmga2023\/","title":{"rendered":"Descuento en Alojamiento"},"content":{"rendered":"\n<p><\/p>\n\n\n\n<p>Hemos establecido una colaboraci\u00f3n con el lugar del evento para ofrecer una tarifa especial con descuento en las habitaciones a todos los participantes que provengan de fuera de Managua, e incluso de otras regiones de Nicaragua, que asistir\u00e1n al WordCamp Managua 2023.<\/p>\n\n\n\n<p>Esta iniciativa busca brindar un beneficio econ\u00f3mico a los asistentes que viajar\u00e1n desde distintos lugares para participar en el WordCamp Managua 2023. Gracias a nuestra coordinaci\u00f3n con el venue, garantizamos que disfrutar\u00e1n de precios m\u00e1s asequibles en alojamiento, lo que contribuir\u00e1 a hacer su experiencia en el evento a\u00fan m\u00e1s gratificante.<\/p>\n\n\n\n<div data-wp-interactive=\"core\/file\" class=\"wp-block-file\"><object data-wp-bind--hidden=\"!state.hasPdfPreview\" hidden class=\"wp-block-file__embed\" data=\"https:\/\/managua.wordcamp.org\/2023\/files\/2023\/09\/WORDCAMP-MANAGUA-2023.pdf\" type=\"application\/pdf\" style=\"width:100%;height:600px\" aria-label=\"Incrustado de WORDCAMP-MANAGUA-2023.\"><\/object><a id=\"wp-block-file--media-43b26e04-333c-41bf-98fb-8677e412ea69\" href=\"https:\/\/managua.wordcamp.org\/2023\/files\/2023\/09\/WORDCAMP-MANAGUA-2023.pdf\">WORDCAMP-MANAGUA-2023<\/a><a href=\"https:\/\/managua.wordcamp.org\/2023\/files\/2023\/09\/WORDCAMP-MANAGUA-2023.pdf\" class=\"wp-block-file__button wp-element-button\" download aria-describedby=\"wp-block-file--media-43b26e04-333c-41bf-98fb-8677e412ea69\">Descarga<\/a><\/div>\n","protected":false},"excerpt":{"rendered":"<p>Hemos establecido una colaboraci\u00f3n con el lugar del evento para ofrecer una tarifa especial con descuento en las habitaciones a todos los participantes que provengan de fuera de Managua, e incluso de otras regiones de Nicaragua, que asistir\u00e1n al WordCamp Managua 2023. Esta iniciativa busca brindar un beneficio econ\u00f3mico a los asistentes que viajar\u00e1n desde [&hellip;]<\/p>\n","protected":false},"author":14939500,"featured_media":0,"parent":0,"menu_order":0,"comment_status":"closed","ping_status":"closed","template":"","meta":{"jetpack_post_was_ever_published":false,"footnotes":""},"class_list":["post-524","page","type-page","status-publish","hentry"],"jetpack_sharing_enabled":true,"_links":{"self":[{"href":"https:\/\/managua.wordcamp.org\/2023\/wp-json\/wp\/v2\/pages\/524","targetHints":{"allow":["GET"]}}],"collection":[{"href":"https:\/\/managua.wordcamp.org\/2023\/wp-json\/wp\/v2\/pages"}],"about":[{"href":"https:\/\/managua.wordcamp.org\/2023\/wp-json\/wp\/v2\/types\/page"}],"author":[{"embeddable":true,"href":"https:\/\/managua.wordcamp.org\/2023\/wp-json\/wp\/v2\/users\/14939500"}],"replies":[{"embeddable":true,"href":"https:\/\/managua.wordcamp.org\/2023\/wp-json\/wp\/v2\/comments?post=524"}],"version-history":[{"count":3,"href":"https:\/\/managua.wordcamp.org\/2023\/wp-json\/wp\/v2\/pages\/524\/revisions"}],"predecessor-version":[{"id":536,"href":"https:\/\/managua.wordcamp.org\/2023\/wp-json\/wp\/v2\/pages\/524\/revisions\/536"}],"wp:attachment":[{"href":"https:\/\/managua.wordcamp.org\/2023\/wp-json\/wp\/v2\/media?parent=524"}],"curies":[{"name":"wp","href":"https:\/\/api.w.org\/{rel}","templated":true}]}}