{"id":10,"date":"2023-12-04T01:55:02","date_gmt":"2023-12-04T07:55:02","guid":{"rendered":"https:\/\/managua.wordcamp.org\/2024\/sponsors\/"},"modified":"2024-09-19T07:59:10","modified_gmt":"2024-09-19T13:59:10","slug":"patrocinadores","status":"publish","type":"page","link":"https:\/\/managua.wordcamp.org\/2024\/patrocinadores\/","title":{"rendered":"Patrocinadores"},"content":{"rendered":"\n<section class=\"wp-block-group alignfull has-background has-global-padding is-layout-constrained wp-container-core-group-is-layout-9e987210 wp-block-group-is-layout-constrained\" style=\"background-color:#fff5e6;margin-top:0px;margin-bottom:0px;padding-top:120px;padding-bottom:120px\">\n<div class=\"wp-block-columns alignwide are-vertically-aligned-center is-layout-flex wp-container-core-columns-is-layout-28f84493 wp-block-columns-is-layout-flex\">\n<div class=\"wp-block-column is-vertically-aligned-center is-layout-flow wp-block-column-is-layout-flow\">\n<p class=\"has-text-align-center has-text-color has-link-color wp-elements-8a8e503208b3a6fe1b92ab33317ce44c\" style=\"color:#1f912a;font-size:clamp(14px, 0.875rem + ((1vw - 3.2px) * 0.417), 18px);\"><strong>#WCMGA24<\/strong><\/p>\n\n\n\n<h2 class=\"wp-block-heading has-text-align-center has-text-color has-link-color wp-elements-11181bb2273c07a1655bd8f72b40748f\" style=\"color:#3f2512;margin-bottom:0px;padding-right:15%;padding-left:15%;font-size:clamp(24.034px, 1.502rem + ((1vw - 3.2px) * 1.663), 40px);font-style:normal;font-weight:700\">Patrocinio Guardabosques<\/h2>\n<\/div>\n<\/div>\n\n\n\n<div class=\"wp-block-group alignfull has-global-padding is-content-justification-center is-layout-constrained wp-container-core-group-is-layout-94b0ab71 wp-block-group-is-layout-constrained has-background\" style=\"min-height:100%;margin-bottom:68px;padding-right:0;padding-left:0;background-image:url(&apos;https:\/\/managua.wordcamp.org\/2024\/files\/2024\/07\/Soga-2.webp&apos;);background-position:50% 50%;background-repeat:no-repeat;background-size:contain;\">\n<figure class=\"wp-block-image aligncenter size-full\"><img loading=\"lazy\" decoding=\"async\" width=\"280\" height=\"280\" src=\"https:\/\/managua.wordcamp.org\/2024\/files\/2024\/07\/Guardabosques-Patro.webp\" alt=\"\" class=\"wp-image-493\" srcset=\"https:\/\/managua.wordcamp.org\/2024\/files\/2024\/07\/Guardabosques-Patro.webp 280w, https:\/\/managua.wordcamp.org\/2024\/files\/2024\/07\/Guardabosques-Patro-150x150.webp 150w\" sizes=\"auto, (max-width: 280px) 100vw, 280px\" \/><\/figure>\n<\/div>\n\n\n\n<div class=\"wp-block-query is-layout-flow wp-block-query-is-layout-flow\"><ul class=\"columns-3 wp-block-post-template is-layout-grid wp-container-core-post-template-is-layout-572542b5 wp-block-post-template-is-layout-grid\"><li class=\"wp-block-post post-1402 wcb_sponsor type-wcb_sponsor status-publish has-post-thumbnail hentry wcb_sponsor_level-guardabosques\">\n<figure style=\"aspect-ratio:16\/9;\" class=\"wp-block-post-featured-image\"><a href=\"https:\/\/managua.wordcamp.org\/2024\/sponsor\/7-agencia-creativa\/\" target=\"_self\"  ><img loading=\"lazy\" decoding=\"async\" width=\"2820\" height=\"1200\" src=\"https:\/\/managua.wordcamp.org\/2024\/files\/2024\/09\/Artboard-1.png\" class=\"attachment-post-thumbnail size-post-thumbnail wp-post-image\" alt=\"7 Agencia Creativa\" style=\"width:100%;height:100%;object-fit:contain;\" srcset=\"https:\/\/managua.wordcamp.org\/2024\/files\/2024\/09\/Artboard-1.png 2820w, https:\/\/managua.wordcamp.org\/2024\/files\/2024\/09\/Artboard-1-300x128.png 300w, https:\/\/managua.wordcamp.org\/2024\/files\/2024\/09\/Artboard-1-1024x436.png 1024w, https:\/\/managua.wordcamp.org\/2024\/files\/2024\/09\/Artboard-1-768x327.png 768w, https:\/\/managua.wordcamp.org\/2024\/files\/2024\/09\/Artboard-1-500x213.png 500w, https:\/\/managua.wordcamp.org\/2024\/files\/2024\/09\/Artboard-1-1536x654.png 1536w, https:\/\/managua.wordcamp.org\/2024\/files\/2024\/09\/Artboard-1-2048x871.png 2048w\" sizes=\"auto, (max-width: 2820px) 100vw, 2820px\" \/><\/a><\/figure>\n<\/li><li class=\"wp-block-post post-27 wcb_sponsor type-wcb_sponsor status-publish has-post-thumbnail hentry wcb_sponsor_level-guardabosques\">\n<figure style=\"aspect-ratio:16\/9;\" class=\"wp-block-post-featured-image\"><a href=\"https:\/\/managua.wordcamp.org\/2024\/sponsor\/bluehost\/\" target=\"_self\"  ><img loading=\"lazy\" decoding=\"async\" width=\"651\" height=\"137\" src=\"https:\/\/managua.wordcamp.org\/2024\/files\/2023\/12\/bh_logo_2015.png\" class=\"attachment-post-thumbnail size-post-thumbnail wp-post-image\" alt=\"Bluehost\" style=\"width:100%;height:100%;object-fit:contain;\" srcset=\"https:\/\/managua.wordcamp.org\/2024\/files\/2023\/12\/bh_logo_2015.png 651w, https:\/\/managua.wordcamp.org\/2024\/files\/2023\/12\/bh_logo_2015-300x63.png 300w, https:\/\/managua.wordcamp.org\/2024\/files\/2023\/12\/bh_logo_2015-500x105.png 500w\" sizes=\"auto, (max-width: 651px) 100vw, 651px\" \/><\/a><\/figure>\n<\/li><li class=\"wp-block-post post-956 wcb_sponsor type-wcb_sponsor status-publish has-post-thumbnail hentry wcb_sponsor_level-guardabosques\">\n<figure style=\"aspect-ratio:16\/9;\" class=\"wp-block-post-featured-image\"><a href=\"https:\/\/managua.wordcamp.org\/2024\/sponsor\/create-s-a\/\" target=\"_self\"  ><img loading=\"lazy\" decoding=\"async\" width=\"453\" height=\"411\" src=\"https:\/\/managua.wordcamp.org\/2024\/files\/2024\/08\/Create_propuesta-logo_2.png\" class=\"attachment-post-thumbnail size-post-thumbnail wp-post-image\" alt=\"Create, S.A\" style=\"width:100%;height:100%;object-fit:contain;\" srcset=\"https:\/\/managua.wordcamp.org\/2024\/files\/2024\/08\/Create_propuesta-logo_2.png 453w, https:\/\/managua.wordcamp.org\/2024\/files\/2024\/08\/Create_propuesta-logo_2-300x272.png 300w, https:\/\/managua.wordcamp.org\/2024\/files\/2024\/08\/Create_propuesta-logo_2-331x300.png 331w\" sizes=\"auto, (max-width: 453px) 100vw, 453px\" \/><\/a><\/figure>\n<\/li><li class=\"wp-block-post post-25 wcb_sponsor type-wcb_sponsor status-publish has-post-thumbnail hentry wcb_sponsor_level-guardabosques\">\n<figure style=\"aspect-ratio:16\/9;\" class=\"wp-block-post-featured-image\"><a href=\"https:\/\/managua.wordcamp.org\/2024\/sponsor\/godaddy\/\" target=\"_self\"  ><img loading=\"lazy\" decoding=\"async\" width=\"480\" height=\"198\" src=\"https:\/\/managua.wordcamp.org\/2024\/files\/2023\/12\/Copy-of-gd-logo-480x360-1-480x198.png\" class=\"attachment-post-thumbnail size-post-thumbnail wp-post-image\" alt=\"GoDaddy\" style=\"width:100%;height:100%;object-fit:contain;\" \/><\/a><\/figure>\n<\/li><li class=\"wp-block-post post-950 wcb_sponsor type-wcb_sponsor status-publish has-post-thumbnail hentry wcb_sponsor_level-guardabosques\">\n<figure style=\"aspect-ratio:16\/9;\" class=\"wp-block-post-featured-image\"><a href=\"https:\/\/managua.wordcamp.org\/2024\/sponsor\/goque-group\/\" target=\"_self\"  ><img loading=\"lazy\" decoding=\"async\" width=\"265\" height=\"246\" src=\"https:\/\/managua.wordcamp.org\/2024\/files\/2024\/08\/Goque-Group.webp\" class=\"attachment-post-thumbnail size-post-thumbnail wp-post-image\" alt=\"Goque Group\" style=\"width:100%;height:100%;object-fit:contain;\" \/><\/a><\/figure>\n<\/li><li class=\"wp-block-post post-1556 wcb_sponsor type-wcb_sponsor status-publish has-post-thumbnail hentry wcb_sponsor_level-guardabosques\">\n<figure style=\"aspect-ratio:16\/9;\" class=\"wp-block-post-featured-image\"><a href=\"https:\/\/managua.wordcamp.org\/2024\/sponsor\/ibex\/\" target=\"_self\"  ><img loading=\"lazy\" decoding=\"async\" width=\"2264\" height=\"818\" src=\"https:\/\/managua.wordcamp.org\/2024\/files\/2024\/09\/Ibex-global-logo.png\" class=\"attachment-post-thumbnail size-post-thumbnail wp-post-image\" alt=\"IBEX\" style=\"width:100%;height:100%;object-fit:contain;\" srcset=\"https:\/\/managua.wordcamp.org\/2024\/files\/2024\/09\/Ibex-global-logo.png 2264w, https:\/\/managua.wordcamp.org\/2024\/files\/2024\/09\/Ibex-global-logo-300x108.png 300w, https:\/\/managua.wordcamp.org\/2024\/files\/2024\/09\/Ibex-global-logo-1024x370.png 1024w, https:\/\/managua.wordcamp.org\/2024\/files\/2024\/09\/Ibex-global-logo-768x277.png 768w, https:\/\/managua.wordcamp.org\/2024\/files\/2024\/09\/Ibex-global-logo-500x181.png 500w, https:\/\/managua.wordcamp.org\/2024\/files\/2024\/09\/Ibex-global-logo-1536x555.png 1536w, https:\/\/managua.wordcamp.org\/2024\/files\/2024\/09\/Ibex-global-logo-2048x740.png 2048w\" sizes=\"auto, (max-width: 2264px) 100vw, 2264px\" \/><\/a><\/figure>\n<\/li><li class=\"wp-block-post post-1548 wcb_sponsor type-wcb_sponsor status-publish has-post-thumbnail hentry wcb_sponsor_level-guardabosques\">\n<figure style=\"aspect-ratio:16\/9;\" class=\"wp-block-post-featured-image\"><a href=\"https:\/\/managua.wordcamp.org\/2024\/sponsor\/sistematica-internacional-inc\/\" target=\"_self\"  ><img loading=\"lazy\" decoding=\"async\" width=\"1500\" height=\"733\" src=\"https:\/\/managua.wordcamp.org\/2024\/files\/2024\/09\/Logo_Sistematica_Negro.png\" class=\"attachment-post-thumbnail size-post-thumbnail wp-post-image\" alt=\"Sistem\u00e1tica Internacional Inc.\" style=\"width:100%;height:100%;object-fit:contain;\" srcset=\"https:\/\/managua.wordcamp.org\/2024\/files\/2024\/09\/Logo_Sistematica_Negro.png 1500w, https:\/\/managua.wordcamp.org\/2024\/files\/2024\/09\/Logo_Sistematica_Negro-300x147.png 300w, https:\/\/managua.wordcamp.org\/2024\/files\/2024\/09\/Logo_Sistematica_Negro-1024x500.png 1024w, https:\/\/managua.wordcamp.org\/2024\/files\/2024\/09\/Logo_Sistematica_Negro-768x375.png 768w, https:\/\/managua.wordcamp.org\/2024\/files\/2024\/09\/Logo_Sistematica_Negro-500x244.png 500w\" sizes=\"auto, (max-width: 1500px) 100vw, 1500px\" \/><\/a><\/figure>\n<\/li><li class=\"wp-block-post post-31 wcb_sponsor type-wcb_sponsor status-publish has-post-thumbnail hentry wcb_sponsor_level-guardabosques\">\n<figure style=\"aspect-ratio:16\/9;\" class=\"wp-block-post-featured-image\"><a href=\"https:\/\/managua.wordcamp.org\/2024\/sponsor\/woocommerce\/\" target=\"_self\"  ><img loading=\"lazy\" decoding=\"async\" width=\"940\" height=\"198\" src=\"https:\/\/managua.wordcamp.org\/2024\/files\/2023\/12\/Copy-of-woocommerce-logo-color-black@2x-2-940x198.png\" class=\"attachment-post-thumbnail size-post-thumbnail wp-post-image\" alt=\"Woo\" style=\"width:100%;height:100%;object-fit:contain;\" \/><\/a><\/figure>\n<\/li><li class=\"wp-block-post post-23 wcb_sponsor type-wcb_sponsor status-publish has-post-thumbnail hentry wcb_sponsor_level-guardabosques\">\n<figure style=\"aspect-ratio:16\/9;\" class=\"wp-block-post-featured-image\"><a href=\"https:\/\/managua.wordcamp.org\/2024\/sponsor\/automattic\/\" target=\"_self\"  ><img loading=\"lazy\" decoding=\"async\" width=\"2500\" height=\"713\" src=\"https:\/\/managua.wordcamp.org\/2024\/files\/2023\/12\/wordpressdotcom_lockup-black.png\" class=\"attachment-post-thumbnail size-post-thumbnail wp-post-image\" alt=\"WordPress.com\" style=\"width:100%;height:100%;object-fit:contain;\" srcset=\"https:\/\/managua.wordcamp.org\/2024\/files\/2023\/12\/wordpressdotcom_lockup-black.png 2500w, https:\/\/managua.wordcamp.org\/2024\/files\/2023\/12\/wordpressdotcom_lockup-black-300x86.png 300w, https:\/\/managua.wordcamp.org\/2024\/files\/2023\/12\/wordpressdotcom_lockup-black-1024x292.png 1024w, https:\/\/managua.wordcamp.org\/2024\/files\/2023\/12\/wordpressdotcom_lockup-black-768x219.png 768w, https:\/\/managua.wordcamp.org\/2024\/files\/2023\/12\/wordpressdotcom_lockup-black-500x143.png 500w, https:\/\/managua.wordcamp.org\/2024\/files\/2023\/12\/wordpressdotcom_lockup-black-1536x438.png 1536w, https:\/\/managua.wordcamp.org\/2024\/files\/2023\/12\/wordpressdotcom_lockup-black-2048x584.png 2048w\" sizes=\"auto, (max-width: 2500px) 100vw, 2500px\" \/><\/a><\/figure>\n<\/li><li class=\"wp-block-post post-771 wcb_sponsor type-wcb_sponsor status-publish has-post-thumbnail hentry wcb_sponsor_level-guardabosques\">\n<figure style=\"aspect-ratio:16\/9;\" class=\"wp-block-post-featured-image\"><a href=\"https:\/\/managua.wordcamp.org\/2024\/sponsor\/wpbeginner\/\" target=\"_self\"  ><img loading=\"lazy\" decoding=\"async\" width=\"900\" height=\"312\" src=\"https:\/\/managua.wordcamp.org\/2024\/files\/2024\/07\/WPBeginner-Logo.jpg\" class=\"attachment-post-thumbnail size-post-thumbnail wp-post-image\" alt=\"WPBeginner\" style=\"width:100%;height:100%;object-fit:contain;\" srcset=\"https:\/\/managua.wordcamp.org\/2024\/files\/2024\/07\/WPBeginner-Logo.jpg 900w, https:\/\/managua.wordcamp.org\/2024\/files\/2024\/07\/WPBeginner-Logo-300x104.jpg 300w, https:\/\/managua.wordcamp.org\/2024\/files\/2024\/07\/WPBeginner-Logo-768x266.jpg 768w, https:\/\/managua.wordcamp.org\/2024\/files\/2024\/07\/WPBeginner-Logo-500x173.jpg 500w\" sizes=\"auto, (max-width: 900px) 100vw, 900px\" \/><\/a><\/figure>\n<\/li><\/ul><\/div>\n\n\n\n<h2 class=\"wp-block-heading has-text-align-center has-text-color has-link-color wp-elements-ba316e6d22836520daad3771cc8e6200\" style=\"color:#3f2512;margin-bottom:60px;padding-top:120px;padding-right:15%;padding-bottom:0px;padding-left:15%;font-size:clamp(24.034px, 1.502rem + ((1vw - 3.2px) * 1.663), 40px);font-style:normal;font-weight:700\">Patrocinio Gu\u00eda de Monta\u00f1a<\/h2>\n\n\n\n<div class=\"wp-block-group alignfull has-global-padding is-content-justification-center is-layout-constrained wp-container-core-group-is-layout-77daa500 wp-block-group-is-layout-constrained has-background\" style=\"min-height:100%;padding-right:0;padding-left:0;background-image:url(&apos;https:\/\/managua.wordcamp.org\/2024\/files\/2024\/07\/Soga-2.webp&apos;);background-position:50% 50%;background-repeat:no-repeat;background-size:contain;\">\n<figure class=\"wp-block-image aligncenter size-full\" style=\"margin-bottom:68px\"><img loading=\"lazy\" decoding=\"async\" width=\"280\" height=\"280\" src=\"https:\/\/managua.wordcamp.org\/2024\/files\/2024\/07\/GuidadeMont-Patro.webp\" alt=\"\" class=\"wp-image-502\" srcset=\"https:\/\/managua.wordcamp.org\/2024\/files\/2024\/07\/GuidadeMont-Patro.webp 280w, https:\/\/managua.wordcamp.org\/2024\/files\/2024\/07\/GuidadeMont-Patro-150x150.webp 150w\" sizes=\"auto, (max-width: 280px) 100vw, 280px\" \/><\/figure>\n<\/div>\n\n\n\n<div class=\"wp-block-query is-layout-flow wp-block-query-is-layout-flow\"><ul class=\"columns-4 guia-montania wp-block-post-template is-layout-grid wp-container-core-post-template-is-layout-aad3ae65 wp-block-post-template-is-layout-grid\"><li class=\"wp-block-post post-952 wcb_sponsor type-wcb_sponsor status-publish has-post-thumbnail hentry wcb_sponsor_level-guia-de-montana\">\n<figure style=\"aspect-ratio:16\/9; padding-top:0;padding-bottom:0;margin-right:0;margin-left:0;\" class=\"wp-block-post-featured-image\"><a href=\"https:\/\/managua.wordcamp.org\/2024\/sponsor\/kronoscode\/\" target=\"_self\"  ><img loading=\"lazy\" decoding=\"async\" width=\"765\" height=\"544\" src=\"https:\/\/managua.wordcamp.org\/2024\/files\/2024\/08\/Kronoscode-logo.png\" class=\"attachment-post-thumbnail size-post-thumbnail wp-post-image\" alt=\"KRONOSCODE\" style=\"width:100%;height:100%;object-fit:contain;\" srcset=\"https:\/\/managua.wordcamp.org\/2024\/files\/2024\/08\/Kronoscode-logo.png 765w, https:\/\/managua.wordcamp.org\/2024\/files\/2024\/08\/Kronoscode-logo-300x213.png 300w, https:\/\/managua.wordcamp.org\/2024\/files\/2024\/08\/Kronoscode-logo-422x300.png 422w\" sizes=\"auto, (max-width: 765px) 100vw, 765px\" \/><\/a><\/figure>\n<\/li><li class=\"wp-block-post post-1096 wcb_sponsor type-wcb_sponsor status-publish has-post-thumbnail hentry wcb_sponsor_level-guia-de-montana\">\n<figure style=\"aspect-ratio:16\/9; padding-top:0;padding-bottom:0;margin-right:0;margin-left:0;\" class=\"wp-block-post-featured-image\"><a href=\"https:\/\/managua.wordcamp.org\/2024\/sponsor\/republica-movil\/\" target=\"_self\"  ><img loading=\"lazy\" decoding=\"async\" width=\"430\" height=\"246\" src=\"https:\/\/managua.wordcamp.org\/2024\/files\/2024\/08\/Logo-RM-5-1.webp\" class=\"attachment-post-thumbnail size-post-thumbnail wp-post-image\" alt=\"Rep\u00fablica M\u00f3vil\" style=\"width:100%;height:100%;object-fit:contain;\" srcset=\"https:\/\/managua.wordcamp.org\/2024\/files\/2024\/08\/Logo-RM-5-1.webp 430w, https:\/\/managua.wordcamp.org\/2024\/files\/2024\/08\/Logo-RM-5-1-300x172.webp 300w\" sizes=\"auto, (max-width: 430px) 100vw, 430px\" \/><\/a><\/figure>\n<\/li><\/ul><\/div>\n\n\n\n<h2 class=\"wp-block-heading has-text-align-center has-text-color has-link-color wp-elements-9450b9395059cef2f0f6dd2e0c5478a5\" style=\"color:#3f2512;margin-bottom:60px;padding-top:120px;padding-right:15%;padding-bottom:0px;padding-left:15%;font-size:clamp(24.034px, 1.502rem + ((1vw - 3.2px) * 1.663), 40px);font-style:normal;font-weight:700\">Patrocinio Senderista<\/h2>\n\n\n\n<div class=\"wp-block-group alignfull has-global-padding is-content-justification-center is-layout-constrained wp-container-core-group-is-layout-94b0ab71 wp-block-group-is-layout-constrained has-background\" style=\"min-height:100%;margin-bottom:68px;padding-right:0;padding-left:0;background-image:url(&apos;https:\/\/managua.wordcamp.org\/2024\/files\/2024\/07\/Soga-2.webp&apos;);background-position:50% 50%;background-repeat:no-repeat;background-size:contain;\">\n<figure class=\"wp-block-image aligncenter size-full\"><img loading=\"lazy\" decoding=\"async\" width=\"280\" height=\"280\" src=\"https:\/\/managua.wordcamp.org\/2024\/files\/2024\/09\/Patrocinio-Senderista.webp\" alt=\"\" class=\"wp-image-1305\" srcset=\"https:\/\/managua.wordcamp.org\/2024\/files\/2024\/09\/Patrocinio-Senderista.webp 280w, https:\/\/managua.wordcamp.org\/2024\/files\/2024\/09\/Patrocinio-Senderista-150x150.webp 150w\" sizes=\"auto, (max-width: 280px) 100vw, 280px\" \/><\/figure>\n<\/div>\n\n\n\n<div class=\"wp-block-columns are-vertically-aligned-bottom col-senderista is-layout-flex wp-container-core-columns-is-layout-912c2762 wp-block-columns-is-layout-flex\" style=\"margin-top:0;margin-bottom:0;padding-right:0;padding-left:0\">\n<div class=\"wp-block-column is-vertically-aligned-bottom is-layout-flow wp-container-core-column-is-layout-8a368f38 wp-block-column-is-layout-flow\">\n<figure class=\"wp-block-image aligncenter size-full senderista-img-1\"><img loading=\"lazy\" decoding=\"async\" width=\"324\" height=\"324\" src=\"https:\/\/managua.wordcamp.org\/2024\/files\/2024\/09\/Moralsa-logo.webp\" alt=\"\" class=\"wp-image-1463\" style=\"object-fit:cover\" srcset=\"https:\/\/managua.wordcamp.org\/2024\/files\/2024\/09\/Moralsa-logo.webp 324w, https:\/\/managua.wordcamp.org\/2024\/files\/2024\/09\/Moralsa-logo-300x300.webp 300w, https:\/\/managua.wordcamp.org\/2024\/files\/2024\/09\/Moralsa-logo-150x150.webp 150w\" sizes=\"auto, (max-width: 324px) 100vw, 324px\" \/><\/figure>\n<\/div>\n\n\n\n<div class=\"wp-block-column is-vertically-aligned-bottom is-layout-flow wp-block-column-is-layout-flow\">\n<figure class=\"wp-block-image aligncenter size-full senderista-img-2\"><img loading=\"lazy\" decoding=\"async\" width=\"410\" height=\"325\" src=\"https:\/\/managua.wordcamp.org\/2024\/files\/2024\/09\/Freda-Moreno-1.webp\" alt=\"\" class=\"wp-image-1461\" srcset=\"https:\/\/managua.wordcamp.org\/2024\/files\/2024\/09\/Freda-Moreno-1.webp 410w, https:\/\/managua.wordcamp.org\/2024\/files\/2024\/09\/Freda-Moreno-1-300x238.webp 300w, https:\/\/managua.wordcamp.org\/2024\/files\/2024\/09\/Freda-Moreno-1-378x300.webp 378w\" sizes=\"auto, (max-width: 410px) 100vw, 410px\" \/><\/figure>\n<\/div>\n<\/div>\n<\/section>\n\n\n\n<section class=\"wp-block-group alignfull has-background has-global-padding is-layout-constrained wp-container-core-group-is-layout-9e987210 wp-block-group-is-layout-constrained\" style=\"background-color:#2b5697;margin-top:0px;margin-bottom:0px;padding-top:120px;padding-bottom:120px\">\n<div class=\"wp-block-columns alignwide are-vertically-aligned-center is-layout-flex wp-container-core-columns-is-layout-28f84493 wp-block-columns-is-layout-flex\">\n<div class=\"wp-block-column is-vertically-aligned-center is-layout-flow wp-block-column-is-layout-flow\">\n<p class=\"has-text-align-center has-text-color has-link-color wp-elements-b075d135751a115dd175536b7e8aa3a2\" style=\"color:#ffe0b3;font-size:clamp(14px, 0.875rem + ((1vw - 3.2px) * 0.417), 18px);\"><strong>#WCMGA24<\/strong><\/p>\n\n\n\n<h2 class=\"wp-block-heading has-text-align-center has-text-color has-link-color wp-elements-7aef0c89dc32343fe3a58cc6f403d3e4\" style=\"color:#fff5e6;margin-bottom:60px;padding-right:15%;padding-left:15%;font-size:clamp(24.034px, 1.502rem + ((1vw - 3.2px) * 1.663), 40px);font-style:normal;font-weight:700\">Nuestro Venue Este A\u00f1o Gracias a:<\/h2>\n\n\n\n<figure class=\"wp-block-image aligncenter size-full\"><img loading=\"lazy\" decoding=\"async\" width=\"206\" height=\"72\" src=\"https:\/\/managua.wordcamp.org\/2024\/files\/2024\/07\/LOGO-UAM.webp\" alt=\"\" class=\"wp-image-504\" \/><\/figure>\n\n\n\n<div class=\"wp-block-columns is-layout-flex wp-container-core-columns-is-layout-3c5622cb wp-block-columns-is-layout-flex\" style=\"margin-top:60px\">\n<div class=\"wp-block-column is-layout-flow wp-block-column-is-layout-flow\">\n<figure class=\"wp-block-image aligncenter size-full img-100\"><img loading=\"lazy\" decoding=\"async\" width=\"369\" height=\"253\" src=\"https:\/\/managua.wordcamp.org\/2024\/files\/2024\/07\/UAM_1.webp\" alt=\"\" class=\"wp-image-505\" style=\"object-fit:cover\" srcset=\"https:\/\/managua.wordcamp.org\/2024\/files\/2024\/07\/UAM_1.webp 369w, https:\/\/managua.wordcamp.org\/2024\/files\/2024\/07\/UAM_1-300x206.webp 300w\" sizes=\"auto, (max-width: 369px) 100vw, 369px\" \/><\/figure>\n<\/div>\n\n\n\n<div class=\"wp-block-column is-layout-flow wp-block-column-is-layout-flow\">\n<figure class=\"wp-block-image aligncenter size-full img-100\"><img loading=\"lazy\" decoding=\"async\" width=\"370\" height=\"253\" src=\"https:\/\/managua.wordcamp.org\/2024\/files\/2024\/07\/UAM_2.webp\" alt=\"\" class=\"wp-image-506\" style=\"object-fit:cover\" srcset=\"https:\/\/managua.wordcamp.org\/2024\/files\/2024\/07\/UAM_2.webp 370w, https:\/\/managua.wordcamp.org\/2024\/files\/2024\/07\/UAM_2-300x205.webp 300w\" sizes=\"auto, (max-width: 370px) 100vw, 370px\" \/><\/figure>\n<\/div>\n\n\n\n<div class=\"wp-block-column is-layout-flow wp-block-column-is-layout-flow\">\n<figure class=\"wp-block-image aligncenter size-full img-100\"><img loading=\"lazy\" decoding=\"async\" width=\"369\" height=\"253\" src=\"https:\/\/managua.wordcamp.org\/2024\/files\/2024\/07\/UAM_3.webp\" alt=\"\" class=\"wp-image-507\" style=\"object-fit:cover\" srcset=\"https:\/\/managua.wordcamp.org\/2024\/files\/2024\/07\/UAM_3.webp 369w, https:\/\/managua.wordcamp.org\/2024\/files\/2024\/07\/UAM_3-300x206.webp 300w\" sizes=\"auto, (max-width: 369px) 100vw, 369px\" \/><\/figure>\n<\/div>\n<\/div>\n<\/div>\n<\/div>\n<\/section>\n\n\n\n<h2 class=\"wp-block-heading has-text-align-center has-text-color has-link-color wp-elements-6fedc83ec0945b727d98b949e2ee2a2b\" style=\"color:#3f2512;margin-bottom:60px;padding-top:120px;padding-right:15%;padding-bottom:0px;padding-left:15%;font-size:clamp(24.034px, 1.502rem + ((1vw - 3.2px) * 1.663), 40px);font-style:normal;font-weight:700\">Microsponsor<\/h2>\n\n\n\n<figure class=\"wp-block-image aligncenter size-large is-resized\"><img loading=\"lazy\" decoding=\"async\" width=\"1024\" height=\"361\" src=\"https:\/\/managua.wordcamp.org\/2024\/files\/2024\/09\/Evollution-1024x361.png\" alt=\"\" class=\"wp-image-1459\" style=\"width:300px\" srcset=\"https:\/\/managua.wordcamp.org\/2024\/files\/2024\/09\/Evollution-1024x361.png 1024w, https:\/\/managua.wordcamp.org\/2024\/files\/2024\/09\/Evollution-300x106.png 300w, https:\/\/managua.wordcamp.org\/2024\/files\/2024\/09\/Evollution-768x271.png 768w, https:\/\/managua.wordcamp.org\/2024\/files\/2024\/09\/Evollution-500x176.png 500w, https:\/\/managua.wordcamp.org\/2024\/files\/2024\/09\/Evollution-1536x542.png 1536w, https:\/\/managua.wordcamp.org\/2024\/files\/2024\/09\/Evollution-2048x723.png 2048w\" sizes=\"auto, (max-width: 1024px) 100vw, 1024px\" \/><\/figure>\n","protected":false},"excerpt":{"rendered":"<p>#WCMGA24 Patrocinio Guardabosques Patrocinio Gu\u00eda de Monta\u00f1a Patrocinio Senderista #WCMGA24 Nuestro Venue Este A\u00f1o Gracias a: Microsponsor<\/p>\n","protected":false},"author":21074395,"featured_media":0,"parent":0,"menu_order":0,"comment_status":"closed","ping_status":"closed","template":"","meta":{"jetpack_post_was_ever_published":false,"footnotes":""},"class_list":["post-10","page","type-page","status-publish","hentry"],"jetpack_sharing_enabled":true,"_links":{"self":[{"href":"https:\/\/managua.wordcamp.org\/2024\/wp-json\/wp\/v2\/pages\/10","targetHints":{"allow":["GET"]}}],"collection":[{"href":"https:\/\/managua.wordcamp.org\/2024\/wp-json\/wp\/v2\/pages"}],"about":[{"href":"https:\/\/managua.wordcamp.org\/2024\/wp-json\/wp\/v2\/types\/page"}],"author":[{"embeddable":true,"href":"https:\/\/managua.wordcamp.org\/2024\/wp-json\/wp\/v2\/users\/21074395"}],"replies":[{"embeddable":true,"href":"https:\/\/managua.wordcamp.org\/2024\/wp-json\/wp\/v2\/comments?post=10"}],"version-history":[{"count":10,"href":"https:\/\/managua.wordcamp.org\/2024\/wp-json\/wp\/v2\/pages\/10\/revisions"}],"predecessor-version":[{"id":1479,"href":"https:\/\/managua.wordcamp.org\/2024\/wp-json\/wp\/v2\/pages\/10\/revisions\/1479"}],"wp:attachment":[{"href":"https:\/\/managua.wordcamp.org\/2024\/wp-json\/wp\/v2\/media?parent=10"}],"curies":[{"name":"wp","href":"https:\/\/api.w.org\/{rel}","templated":true}]}}