{"id":1006,"date":"2024-09-02T06:56:28","date_gmt":"2024-09-02T12:56:28","guid":{"rendered":"https:\/\/managua.wordcamp.org\/2024\/?page_id=1006"},"modified":"2024-09-02T06:56:28","modified_gmt":"2024-09-02T12:56:28","slug":"hospedaje","status":"publish","type":"page","link":"https:\/\/managua.wordcamp.org\/2024\/hospedaje\/","title":{"rendered":"Hospedaje"},"content":{"rendered":"\n<p>Estas son algunas de las opciones de Hospedaje que podr\u00edas considerar en tu viaje a Managua, los siguientes hoteles est\u00e1n cerca de la Universidad Americana:<\/p>\n\n\n\n<h2 class=\"wp-block-heading\">Hotel Holiday Inn Express<\/h2>\n\n\n\n<p>Ubicado en la pista Jean Paul Genie, est\u00e1 bastante cerca de la Universidad americana. Puedes revisar la ubicaci\u00f3n en <a href=\"https:\/\/www.google.com\/maps\/place\/Holiday+Inn+Express+Managua,+an+IHG+Hotel\/@12.1036882,-86.2585568,968m\/data=!3m1!1e3!4m9!3m8!1s0x8f73fe2805746e9d:0xe6bddcfa02dc6d7e!5m2!4m1!1i2!8m2!3d12.1036882!4d-86.2559819!16s%2Fg%2F12lry5xy1?entry=ttu&amp;g_ep=EgoyMDI0MDgyOC4wIKXMDSoASAFQAw%3D%3D\" target=\"_blank\" rel=\"noreferrer noopener\">google maps<\/a>.<\/p>\n\n\n\n<h2 class=\"wp-block-heading\">Hotel Holiday Inn Convention center<\/h2>\n\n\n\n<p>Sobre de la pista Juan Pablo II, se puede acceder a taxis y buses f\u00e1cilmente. Puedes revisar la ubicaci\u00f3n en <a href=\"https:\/\/www.google.com\/maps\/place\/Holiday+Inn+Managua+-+Convention+Center,+an+IHG+Hotel\/@12.1239536,-86.2821789,968m\/data=!3m1!1e3!4m10!3m9!1s0x8f73fe155559f11b:0x98718b688a136877!5m3!1s2024-09-07!4m1!1i2!8m2!3d12.1239012!4d-86.2797112!16s%2Fg%2F1tls3x15?entry=ttu&amp;g_ep=EgoyMDI0MDgyOC4wIKXMDSoASAFQAw%3D%3D\" target=\"_blank\" rel=\"noreferrer noopener\">google maps<\/a>.<\/p>\n\n\n\n<h2 class=\"wp-block-heading\">Wayak<\/h2>\n\n\n\n<p>Ubicado sobre la pista Jean Paul Genie, esta cerca del venue y se puede acceder a taxis facilmente. Puedes revisar la ubicaci\u00f3n en <a href=\"https:\/\/www.google.com\/maps\/place\/Wayak+Hotel\/@12.1027778,-86.2645193,968m\/data=!3m1!1e3!4m10!3m9!1s0x8f715585e6ce5ba1:0x5b0ae10990b89392!5m3!1s2024-09-07!4m1!1i2!8m2!3d12.1027778!4d-86.2619444!16s%2Fg%2F1yfdpfmgk?entry=ttu&amp;g_ep=EgoyMDI0MDgyOC4wIKXMDSoASAFQAw%3D%3D\" target=\"_blank\" rel=\"noreferrer noopener\">google maps<\/a>.<\/p>\n\n\n\n<h2 class=\"wp-block-heading\">Hotel Los Robles<\/h2>\n\n\n\n<p>Puedes revisar la ubicaci\u00f3n en <a href=\"https:\/\/www.google.com\/maps\/place\/Hotel+Los+Robles,+Managua\/@12.1184664,-86.2681906,968m\/data=!3m1!1e3!4m10!3m9!1s0x8f71566e2057efbd:0x392e1daa4fa65351!5m3!1s2024-09-07!4m1!1i2!8m2!3d12.1184664!4d-86.2656157!16s%2Fg%2F1vn__02x?entry=ttu&amp;g_ep=EgoyMDI0MDgyOC4wIKXMDSoASAFQAw%3D%3D\" target=\"_blank\" rel=\"noreferrer noopener\">google maps<\/a>.<\/p>\n","protected":false},"excerpt":{"rendered":"<p>Estas son algunas de las opciones de Hospedaje que podr\u00edas considerar en tu viaje a Managua, los siguientes hoteles est\u00e1n cerca de la Universidad Americana: Hotel Holiday Inn Express Ubicado en la pista Jean Paul Genie, est\u00e1 bastante cerca de la Universidad americana. Puedes revisar la ubicaci\u00f3n en google maps. Hotel Holiday Inn Convention center [&hellip;]<\/p>\n","protected":false},"author":14939500,"featured_media":0,"parent":0,"menu_order":0,"comment_status":"closed","ping_status":"closed","template":"","meta":{"jetpack_post_was_ever_published":false,"footnotes":""},"class_list":["post-1006","page","type-page","status-publish","hentry"],"jetpack_sharing_enabled":true,"_links":{"self":[{"href":"https:\/\/managua.wordcamp.org\/2024\/wp-json\/wp\/v2\/pages\/1006","targetHints":{"allow":["GET"]}}],"collection":[{"href":"https:\/\/managua.wordcamp.org\/2024\/wp-json\/wp\/v2\/pages"}],"about":[{"href":"https:\/\/managua.wordcamp.org\/2024\/wp-json\/wp\/v2\/types\/page"}],"author":[{"embeddable":true,"href":"https:\/\/managua.wordcamp.org\/2024\/wp-json\/wp\/v2\/users\/14939500"}],"replies":[{"embeddable":true,"href":"https:\/\/managua.wordcamp.org\/2024\/wp-json\/wp\/v2\/comments?post=1006"}],"version-history":[{"count":2,"href":"https:\/\/managua.wordcamp.org\/2024\/wp-json\/wp\/v2\/pages\/1006\/revisions"}],"predecessor-version":[{"id":1184,"href":"https:\/\/managua.wordcamp.org\/2024\/wp-json\/wp\/v2\/pages\/1006\/revisions\/1184"}],"wp:attachment":[{"href":"https:\/\/managua.wordcamp.org\/2024\/wp-json\/wp\/v2\/media?parent=1006"}],"curies":[{"name":"wp","href":"https:\/\/api.w.org\/{rel}","templated":true}]}}