{"id":20,"date":"2023-12-04T01:55:02","date_gmt":"2023-12-04T07:55:02","guid":{"rendered":"https:\/\/managua.wordcamp.org\/2024\/code-of-conduct\/"},"modified":"2024-07-21T22:00:47","modified_gmt":"2024-07-22T04:00:47","slug":"codigo-de-conducta","status":"publish","type":"page","link":"https:\/\/managua.wordcamp.org\/2024\/codigo-de-conducta\/","title":{"rendered":"C\u00f3digo de conducta"},"content":{"rendered":"\n<p><\/p>\n\n\n\n<ol class=\"wp-block-list\">\n<li><strong>Proposito<\/strong><\/li>\n<\/ol>\n\n\n\n<p>WordCamp Managua cree que nuestra comunidad debe estar verdaderamente abierta para todos. Como tal, estamos comprometidos a proporcionar un ambiente amigable, seguro y acogedor para todos, independientemente de su g\u00e9nero, orientaci\u00f3n sexual, discapacidad, etnia, religi\u00f3n, edad, casta, clase social, sistema operativo preferido, lenguaje de programaci\u00f3n o editor de texto, entre otras caracter\u00edsticas identificativas.<\/p>\n\n\n\n<p>Este c\u00f3digo de conducta describe nuestras expectativas para el comportamiento de los participantes, as\u00ed como las consecuencias de un comportamiento inaceptable.<\/p>\n\n\n\n<p>Invitamos a todos los patrocinadores, voluntarios, oradores, asistentes y otros participantes a ayudarnos a realizar una experiencia de conferencia segura y positiva para todos.<\/p>\n\n\n\n<ol start=\"2\" class=\"wp-block-list\">\n<li><strong>Ciudadan\u00eda en el C\u00f3digo Abierto<\/strong><\/li>\n<\/ol>\n\n\n\n<p>Un objetivo complementario de este c\u00f3digo de conducta es aumentar la ciudadan\u00eda en el c\u00f3digo abierto alentando a los participantes a reconocer y fortalecer las relaciones entre lo que hacemos y la comunidad en general.<\/p>\n\n\n\n<p>En servicio de este objetivo, los organizadores de WordCamp Managua estar\u00e1n tomando nominaciones para ciudadanos ejemplares durante el evento y reconocer\u00e1n a participantes seleccionados despu\u00e9s de la conferencia en el sitio web.<\/p>\n\n\n\n<p>Si ves a alguien que est\u00e1 haciendo un esfuerzo extra para asegurar que nuestra comunidad sea acogedora, amigable y anime a todos los participantes a contribuir en la mayor medida, queremos saberlo. Puedes nominar a alguien en la mesa de registro o <a href=\"https:\/\/managua.wordcamp.org\/2024\/contacto\">AQU\u00cd<\/a>.<\/p>\n\n\n\n<ol start=\"3\" class=\"wp-block-list\">\n<li><strong>Comportamiento Esperado<\/strong><\/li>\n<\/ol>\n\n\n\n<p>S\u00e9 considerado, respetuoso y colaborativo.<\/p>\n\n\n\n<p>Evita comportamientos y discursos despectivos, discriminatorios o acosadores.<\/p>\n\n\n\n<p>S\u00e9 consciente de tu entorno y de tus compa\u00f1eros participantes. Alerta a los organizadores de la conferencia si notas una situaci\u00f3n peligrosa o a alguien en apuros.<\/p>\n\n\n\n<p>Participa de manera aut\u00e9ntica y activa. Al hacerlo, ayudas a crear WordCamp Managua y lo haces tuyo.<\/p>\n\n\n\n<ol start=\"4\" class=\"wp-block-list\">\n<li><strong>Comportamiento Inaceptable<\/strong><\/li>\n<\/ol>\n\n\n\n<p>Los comportamientos inaceptables incluyen: conducta intimidante, acosadora, abusiva, discriminatoria, despectiva o humillante por parte de cualquier asistente de WordCamp Managua y eventos relacionados. Todos los lugares de WordCamp Managua pueden ser compartidos con miembros del p\u00fablico; por favor, s\u00e9 respetuoso con todos los usuarios de estas ubicaciones.<\/p>\n\n\n\n<p>El acoso incluye: comentarios verbales ofensivos relacionados con g\u00e9nero, orientaci\u00f3n sexual, raza, religi\u00f3n, discapacidad; uso inapropiado de desnudez y\/o im\u00e1genes sexuales en espacios p\u00fablicos (incluidas las diapositivas de presentaci\u00f3n); intimidaci\u00f3n deliberada, acecho o seguimiento; fotograf\u00eda o grabaci\u00f3n acosadora; interrupci\u00f3n sostenida de charlas u otros eventos; contacto f\u00edsico inapropiado y atenci\u00f3n sexual no deseada.<\/p>\n\n\n\n<ol start=\"5\" class=\"wp-block-list\">\n<li><strong>Consecuencias del Comportamiento Inaceptable<\/strong><\/li>\n<\/ol>\n\n\n\n<p>El comportamiento inaceptable no ser\u00e1 tolerado, ya sea por otros asistentes, organizadores, personal del lugar, patrocinadores u otros clientes de los lugares de WordCamp Managua.<\/p>\n\n\n\n<p>Se espera que cualquier persona a la que se le pida que detenga un comportamiento inaceptable cumpla inmediatamente.<\/p>\n\n\n\n<p>Si un participante se involucra en un comportamiento inaceptable, los organizadores de la conferencia pueden tomar cualquier medida que consideren apropiada, hasta e incluyendo la expulsi\u00f3n de la conferencia sin advertencia o reembolso.<\/p>\n\n\n\n<ol start=\"6\" class=\"wp-block-list\">\n<li><strong>Qu\u00e9 Hacer Si Presencias o Eres Sujeto de Comportamiento Inaceptable<\/strong><\/li>\n<\/ol>\n\n\n\n<p>Si eres sujeto de un comportamiento inaceptable, notas que alguien m\u00e1s est\u00e1 siendo sujeto de un comportamiento inaceptable, o tienes cualquier otra preocupaci\u00f3n, por favor notifica a un organizador de la conferencia tan pronto como sea posible.<\/p>\n\n\n\n<p>El equipo de WordCamp Managua estar\u00e1 disponible para ayudar a los participantes a contactar la seguridad del lugar o a la polic\u00eda local, proporcionar acompa\u00f1antes, o de otra manera asistir a aquellos que experimenten un comportamiento inaceptable para sentirse seguros durante la duraci\u00f3n de la conferencia. Los voluntarios estar\u00e1n usando identificaciones. Cualquier voluntario puede conectarte con un organizador de la conferencia. Tambi\u00e9n puedes venir al escritorio de registro<\/p>\n","protected":false},"excerpt":{"rendered":"<p>WordCamp Managua cree que nuestra comunidad debe estar verdaderamente abierta para todos. Como tal, estamos comprometidos a proporcionar un ambiente amigable, seguro y acogedor para todos, independientemente de su g\u00e9nero, orientaci\u00f3n sexual, discapacidad, etnia, religi\u00f3n, edad, casta, clase social, sistema operativo preferido, lenguaje de programaci\u00f3n o editor de texto, entre otras caracter\u00edsticas identificativas. Este c\u00f3digo [&hellip;]<\/p>\n","protected":false},"author":21074395,"featured_media":0,"parent":0,"menu_order":0,"comment_status":"closed","ping_status":"closed","template":"","meta":{"jetpack_post_was_ever_published":false,"footnotes":""},"class_list":["post-20","page","type-page","status-publish","hentry"],"jetpack_sharing_enabled":true,"_links":{"self":[{"href":"https:\/\/managua.wordcamp.org\/2024\/wp-json\/wp\/v2\/pages\/20","targetHints":{"allow":["GET"]}}],"collection":[{"href":"https:\/\/managua.wordcamp.org\/2024\/wp-json\/wp\/v2\/pages"}],"about":[{"href":"https:\/\/managua.wordcamp.org\/2024\/wp-json\/wp\/v2\/types\/page"}],"author":[{"embeddable":true,"href":"https:\/\/managua.wordcamp.org\/2024\/wp-json\/wp\/v2\/users\/21074395"}],"replies":[{"embeddable":true,"href":"https:\/\/managua.wordcamp.org\/2024\/wp-json\/wp\/v2\/comments?post=20"}],"version-history":[{"count":2,"href":"https:\/\/managua.wordcamp.org\/2024\/wp-json\/wp\/v2\/pages\/20\/revisions"}],"predecessor-version":[{"id":572,"href":"https:\/\/managua.wordcamp.org\/2024\/wp-json\/wp\/v2\/pages\/20\/revisions\/572"}],"wp:attachment":[{"href":"https:\/\/managua.wordcamp.org\/2024\/wp-json\/wp\/v2\/media?parent=20"}],"curies":[{"name":"wp","href":"https:\/\/api.w.org\/{rel}","templated":true}]}}